{"id":3200,"date":"2026-04-25T03:52:04","date_gmt":"2026-04-25T03:52:04","guid":{"rendered":"https:\/\/eppne.ca\/?page_id=3200"},"modified":"2026-04-25T04:14:21","modified_gmt":"2026-04-25T04:14:21","slug":"devenez-benevole","status":"publish","type":"page","link":"https:\/\/eppne.ca\/en\/devenez-benevole\/","title":{"rendered":"Become a volunteer"},"content":{"rendered":"\t\t<div data-elementor-type=\"wp-page\" data-elementor-id=\"3200\" class=\"elementor elementor-3200\" data-elementor-post-type=\"page\">\n\t\t\t\t<div class=\"elementor-element elementor-element-7a3ad55 e-flex e-con-boxed e-con e-parent\" data-id=\"7a3ad55\" data-element_type=\"container\" data-e-type=\"container\">\n\t\t\t\t\t<div class=\"e-con-inner\">\n\t\t\t\t<div class=\"elementor-element elementor-element-d06ca55 elementor-widget elementor-widget-heading\" data-id=\"d06ca55\" data-element_type=\"widget\" data-e-type=\"widget\" data-widget_type=\"heading.default\">\n\t\t\t\t<div class=\"elementor-widget-container\">\n\t\t\t\t\t<h2 class=\"elementor-heading-title elementor-size-default\">DEVENIR B\u00c9N\u00c9VOLE<\/h2>\t\t\t\t<\/div>\n\t\t\t\t<\/div>\n\t\t\t\t\t<\/div>\n\t\t\t\t<\/div>\n\t\t<div class=\"elementor-element elementor-element-a4705c3 e-flex e-con-boxed e-con e-parent\" data-id=\"a4705c3\" data-element_type=\"container\" data-e-type=\"container\">\n\t\t\t\t\t<div class=\"e-con-inner\">\n\t\t\t\t<div class=\"elementor-element elementor-element-ea09496 list_bullet elementor-widget elementor-widget-text-editor\" data-id=\"ea09496\" data-element_type=\"widget\" data-e-type=\"widget\" data-widget_type=\"text-editor.default\">\n\t\t\t\t<div class=\"elementor-widget-container\">\n\t\t\t\t\t\t\t\t\t<p><span style=\"font-weight: 400;\">Bienvenue en tant que b\u00e9n\u00e9vole \u201cpour prot\u00e9ger nos enfants\u201d.\u00a0<\/span><\/p><p><span style=\"font-weight: 400;\">En remplissant ce formulaire, j\u2019exprime mon d\u00e9sir de contribuer aux efforts d\u2019EPPNE (Ensemble pour prot\u00e9ger nos enfants) \u00e0 d\u00e9noncer la fausset\u00e9 de l\u2019id\u00e9ologie du genre promue dans les \u00e9coles du Qu\u00e9bec et \u00e0 revendiquer le respect du droit des parents comme premiers \u00e9ducateurs de leurs enfants.<\/span><\/p>\t\t\t\t\t\t\t\t<\/div>\n\t\t\t\t<\/div>\n\t\t\t\t\t<\/div>\n\t\t\t\t<\/div>\n\t\t<div class=\"elementor-element elementor-element-7bd68dc e-flex e-con-boxed e-con e-parent\" data-id=\"7bd68dc\" data-element_type=\"container\" data-e-type=\"container\">\n\t\t\t\t\t<div class=\"e-con-inner\">\n\t\t\t\t<div class=\"elementor-element elementor-element-bd297d6 list_bullet elementor-button-align-stretch elementor-widget elementor-widget-form\" data-id=\"bd297d6\" data-element_type=\"widget\" data-e-type=\"widget\" data-settings=\"{&quot;step_next_label&quot;:&quot;Suivant&quot;,&quot;step_previous_label&quot;:&quot;Pr\\u00e9c\\u00e9dent&quot;,&quot;button_width&quot;:&quot;100&quot;,&quot;step_type&quot;:&quot;number_text&quot;,&quot;step_icon_shape&quot;:&quot;circle&quot;}\" data-widget_type=\"form.default\">\n\t\t\t\t<div class=\"elementor-widget-container\">\n\t\t\t\t\t\t\t<form class=\"elementor-form\" method=\"post\" name=\"Adh\u00e9sion\" aria-label=\"Adh\u00e9sion\">\n\t\t\t<input type=\"hidden\" name=\"post_id\" value=\"3200\"\/>\n\t\t\t<input type=\"hidden\" name=\"form_id\" value=\"bd297d6\"\/>\n\t\t\t<input type=\"hidden\" name=\"referer_title\" value=\"Devenez b\u00e9n\u00e9vole - EPPNE\" \/>\n\n\t\t\t\t\t\t\t<input type=\"hidden\" name=\"queried_id\" value=\"3200\"\/>\n\t\t\t\n\t\t\t<div class=\"elementor-form-fields-wrapper elementor-labels-above\">\n\t\t\t\t\t\t\t\t<div class=\"elementor-field-type-text elementor-field-group elementor-column elementor-field-group-name elementor-col-50 elementor-field-required elementor-mark-required\">\n\t\t\t\t\t\t\t\t\t\t\t\t<label for=\"form-field-name\" class=\"elementor-field-label\">\n\t\t\t\t\t\t\t\tNom\t\t\t\t\t\t\t<\/label>\n\t\t\t\t\t\t\t\t\t\t\t\t\t\t<input size=\"1\" type=\"text\" name=\"form_fields[name]\" id=\"form-field-name\" class=\"elementor-field elementor-size-sm  elementor-field-textual\" placeholder=\"Nom\" required=\"required\">\n\t\t\t\t\t\t\t\t\t\t\t<\/div>\n\t\t\t\t\t\t\t\t<div class=\"elementor-field-type-text elementor-field-group elementor-column elementor-field-group-field_9724869 elementor-col-50 elementor-field-required elementor-mark-required\">\n\t\t\t\t\t\t\t\t\t\t\t\t<label for=\"form-field-field_9724869\" class=\"elementor-field-label\">\n\t\t\t\t\t\t\t\tPr\u00e9nom\t\t\t\t\t\t\t<\/label>\n\t\t\t\t\t\t\t\t\t\t\t\t\t\t<input size=\"1\" type=\"text\" name=\"form_fields[field_9724869]\" id=\"form-field-field_9724869\" class=\"elementor-field elementor-size-sm  elementor-field-textual\" placeholder=\"Pr\u00e9nom\" required=\"required\">\n\t\t\t\t\t\t\t\t\t\t\t<\/div>\n\t\t\t\t\t\t\t\t<div class=\"elementor-field-type-text elementor-field-group elementor-column elementor-field-group-field_3a15e22 elementor-col-50 elementor-field-required elementor-mark-required\">\n\t\t\t\t\t\t\t\t\t\t\t\t<label for=\"form-field-field_3a15e22\" class=\"elementor-field-label\">\n\t\t\t\t\t\t\t\tAdresse\t\t\t\t\t\t\t<\/label>\n\t\t\t\t\t\t\t\t\t\t\t\t\t\t<input size=\"1\" type=\"text\" name=\"form_fields[field_3a15e22]\" id=\"form-field-field_3a15e22\" class=\"elementor-field elementor-size-sm  elementor-field-textual\" placeholder=\"Adresse\" required=\"required\">\n\t\t\t\t\t\t\t\t\t\t\t<\/div>\n\t\t\t\t\t\t\t\t<div class=\"elementor-field-type-text elementor-field-group elementor-column elementor-field-group-email elementor-col-50 elementor-field-required elementor-mark-required\">\n\t\t\t\t\t\t\t\t\t\t\t\t<label for=\"form-field-email\" class=\"elementor-field-label\">\n\t\t\t\t\t\t\t\tT\u00e9l\t\t\t\t\t\t\t<\/label>\n\t\t\t\t\t\t\t\t\t\t\t\t\t\t<input size=\"1\" type=\"text\" name=\"form_fields[email]\" id=\"form-field-email\" class=\"elementor-field elementor-size-sm  elementor-field-textual\" placeholder=\"T\u00e9l\" required=\"required\">\n\t\t\t\t\t\t\t\t\t\t\t<\/div>\n\t\t\t\t\t\t\t\t<div class=\"elementor-field-type-email elementor-field-group elementor-column elementor-field-group-field_46478cd elementor-col-50 elementor-field-required elementor-mark-required\">\n\t\t\t\t\t\t\t\t\t\t\t\t<label for=\"form-field-field_46478cd\" class=\"elementor-field-label\">\n\t\t\t\t\t\t\t\tCourriel\t\t\t\t\t\t\t<\/label>\n\t\t\t\t\t\t\t\t\t\t\t\t\t\t<input size=\"1\" type=\"email\" name=\"form_fields[field_46478cd]\" id=\"form-field-field_46478cd\" class=\"elementor-field elementor-size-sm  elementor-field-textual\" placeholder=\"Courriel\" required=\"required\">\n\t\t\t\t\t\t\t\t\t\t\t<\/div>\n\t\t\t\t\t\t\t\t<div class=\"elementor-field-type-checkbox elementor-field-group elementor-column elementor-field-group-field_e7a1f2f elementor-col-100\">\n\t\t\t\t\t\t\t\t\t\t\t\t<label for=\"form-field-field_e7a1f2f\" class=\"elementor-field-label\">\n\t\t\t\t\t\t\t\tQuelles sont vos comp\u00e9tences et pr\u00e9f\u00e9rences en termes d'activit\u00e9(s) b\u00e9n\u00e9vole(s) et de disponibilit\u00e9(s) ?\t\t\t\t\t\t\t<\/label>\n\t\t\t\t\t\t<div class=\"elementor-field-subgroup  \"><span class=\"elementor-field-option\"><input type=\"checkbox\" value=\"Actions terrain\" id=\"form-field-field_e7a1f2f-0\" name=\"form_fields[field_e7a1f2f][]\"> <label for=\"form-field-field_e7a1f2f-0\">Actions terrain<\/label><\/span><span class=\"elementor-field-option\"><input type=\"checkbox\" value=\"Gestion de projets \" id=\"form-field-field_e7a1f2f-1\" name=\"form_fields[field_e7a1f2f][]\"> <label for=\"form-field-field_e7a1f2f-1\">Gestion de projets <\/label><\/span><span class=\"elementor-field-option\"><input type=\"checkbox\" value=\"Collecte de fonds\" id=\"form-field-field_e7a1f2f-2\" name=\"form_fields[field_e7a1f2f][]\"> <label for=\"form-field-field_e7a1f2f-2\">Collecte de fonds<\/label><\/span><span class=\"elementor-field-option\"><input type=\"checkbox\" value=\"Gestion\" id=\"form-field-field_e7a1f2f-3\" name=\"form_fields[field_e7a1f2f][]\"> <label for=\"form-field-field_e7a1f2f-3\">Gestion<\/label><\/span><span class=\"elementor-field-option\"><input type=\"checkbox\" value=\"Administration \" id=\"form-field-field_e7a1f2f-4\" name=\"form_fields[field_e7a1f2f][]\"> <label for=\"form-field-field_e7a1f2f-4\">Administration <\/label><\/span><span class=\"elementor-field-option\"><input type=\"checkbox\" value=\"Communication\" id=\"form-field-field_e7a1f2f-5\" name=\"form_fields[field_e7a1f2f][]\"> <label for=\"form-field-field_e7a1f2f-5\">Communication<\/label><\/span><span class=\"elementor-field-option\"><input type=\"checkbox\" value=\"Informatique\" id=\"form-field-field_e7a1f2f-6\" name=\"form_fields[field_e7a1f2f][]\"> <label for=\"form-field-field_e7a1f2f-6\">Informatique<\/label><\/span><span class=\"elementor-field-option\"><input type=\"checkbox\" value=\"Recueil de t\u00e9moignages\" id=\"form-field-field_e7a1f2f-7\" name=\"form_fields[field_e7a1f2f][]\"> <label for=\"form-field-field_e7a1f2f-7\">Recueil de t\u00e9moignages<\/label><\/span><span class=\"elementor-field-option\"><input type=\"checkbox\" value=\"R\u00e9seaux d\u2019experts\t\" id=\"form-field-field_e7a1f2f-8\" name=\"form_fields[field_e7a1f2f][]\"> <label for=\"form-field-field_e7a1f2f-8\">R\u00e9seaux d\u2019experts\t<\/label><\/span><span class=\"elementor-field-option\"><input type=\"checkbox\" value=\"Autres\" id=\"form-field-field_e7a1f2f-9\" name=\"form_fields[field_e7a1f2f][]\"> <label for=\"form-field-field_e7a1f2f-9\">Autres<\/label><\/span><\/div>\t\t\t\t<\/div>\n\t\t\t\t\t\t\t\t<div class=\"elementor-field-type-text elementor-field-group elementor-column elementor-field-group-field_c740cbb elementor-col-100\">\n\t\t\t\t\t\t\t\t\t\t\t\t\t<input size=\"1\" type=\"text\" name=\"form_fields[field_c740cbb]\" id=\"form-field-field_c740cbb\" class=\"elementor-field elementor-size-sm  elementor-field-textual\" placeholder=\"Autres\">\n\t\t\t\t\t\t\t\t\t\t\t<\/div>\n\t\t\t\t\t\t\t\t<div class=\"elementor-field-type-recaptcha_v3 elementor-field-group elementor-column elementor-field-group-field_75e4c5b elementor-col-100 recaptcha_v3-bottomright\">\n\t\t\t\t\t<div class=\"elementor-field\" id=\"form-field-field_75e4c5b\"><div class=\"elementor-g-recaptcha\" data-sitekey=\"6Lf3PZ8pAAAAAKmj64l_ulufzTiQEetR_k9Ez0ZP\" data-type=\"v3\" data-action=\"Form\" data-badge=\"bottomright\" data-size=\"invisible\"><\/div><\/div>\t\t\t\t<\/div>\n\t\t\t\t\t\t\t\t<div class=\"elementor-field-group elementor-column elementor-field-type-submit elementor-col-100 e-form__buttons\">\n\t\t\t\t\t<button class=\"elementor-button elementor-size-sm\" type=\"submit\">\n\t\t\t\t\t\t<span class=\"elementor-button-content-wrapper\">\n\t\t\t\t\t\t\t\t\t\t\t\t\t\t\t\t\t\t\t\t\t\t<span class=\"elementor-button-text\">DEVENIR B\u00c9N\u00c9VOLE<\/span>\n\t\t\t\t\t\t\t\t\t\t\t\t\t<\/span>\n\t\t\t\t\t<\/button>\n\t\t\t\t<\/div>\n\t\t\t<\/div>\n\t\t<\/form>\n\t\t\t\t\t\t<\/div>\n\t\t\t\t<\/div>\n\t\t\t\t\t<\/div>\n\t\t\t\t<\/div>\n\t\t\t\t<\/div>\n\t\t","protected":false},"excerpt":{"rendered":"<p>DEVENIR B\u00c9N\u00c9VOLE Bienvenue en tant que b\u00e9n\u00e9vole \u201cpour prot\u00e9ger nos enfants\u201d.\u00a0 En remplissant ce formulaire, j\u2019exprime mon d\u00e9sir de contribuer aux efforts d\u2019EPPNE (Ensemble pour prot\u00e9ger nos enfants) \u00e0 d\u00e9noncer [&hellip;]<\/p>\n","protected":false},"author":1,"featured_media":0,"parent":0,"menu_order":0,"comment_status":"closed","ping_status":"closed","template":"elementor_theme","meta":{"_coblocks_attr":"","_coblocks_dimensions":"","_coblocks_responsive_height":"","_coblocks_accordion_ie_support":"","footnotes":""},"class_list":["post-3200","page","type-page","status-publish","hentry"],"yoast_head":"<!-- This site is optimized with the Yoast SEO plugin v27.4 - https:\/\/yoast.com\/product\/yoast-seo-wordpress\/ -->\n<title>Devenez b\u00e9n\u00e9vole - EPPNE<\/title>\n<meta name=\"robots\" content=\"index, follow, max-snippet:-1, max-image-preview:large, max-video-preview:-1\" \/>\n<link rel=\"canonical\" href=\"https:\/\/eppne.ca\/en\/devenez-benevole\/\" \/>\n<meta property=\"og:locale\" content=\"en_US\" \/>\n<meta property=\"og:type\" content=\"article\" \/>\n<meta property=\"og:title\" content=\"Devenez b\u00e9n\u00e9vole - EPPNE\" \/>\n<meta property=\"og:description\" content=\"DEVENIR B\u00c9N\u00c9VOLE Bienvenue en tant que b\u00e9n\u00e9vole \u201cpour prot\u00e9ger nos enfants\u201d.\u00a0 En remplissant ce formulaire, j\u2019exprime mon d\u00e9sir de contribuer aux efforts d\u2019EPPNE (Ensemble pour prot\u00e9ger nos enfants) \u00e0 d\u00e9noncer [&hellip;]\" \/>\n<meta property=\"og:url\" content=\"https:\/\/eppne.ca\/en\/devenez-benevole\/\" \/>\n<meta property=\"og:site_name\" content=\"EPPNE\" \/>\n<meta property=\"article:modified_time\" content=\"2026-04-25T04:14:21+00:00\" \/>\n<meta name=\"twitter:card\" content=\"summary_large_image\" \/>\n<meta name=\"twitter:label1\" content=\"Est. reading time\" \/>\n\t<meta name=\"twitter:data1\" content=\"1 minute\" \/>\n<script type=\"application\/ld+json\" class=\"yoast-schema-graph\">{\"@context\":\"https:\\\/\\\/schema.org\",\"@graph\":[{\"@type\":\"WebPage\",\"@id\":\"https:\\\/\\\/eppne.ca\\\/devenez-benevole\\\/\",\"url\":\"https:\\\/\\\/eppne.ca\\\/devenez-benevole\\\/\",\"name\":\"Devenez b\u00e9n\u00e9vole - EPPNE\",\"isPartOf\":{\"@id\":\"https:\\\/\\\/eppne.ca\\\/#website\"},\"datePublished\":\"2026-04-25T03:52:04+00:00\",\"dateModified\":\"2026-04-25T04:14:21+00:00\",\"breadcrumb\":{\"@id\":\"https:\\\/\\\/eppne.ca\\\/devenez-benevole\\\/#breadcrumb\"},\"inLanguage\":\"en-CA\",\"potentialAction\":[{\"@type\":\"ReadAction\",\"target\":[\"https:\\\/\\\/eppne.ca\\\/devenez-benevole\\\/\"]}]},{\"@type\":\"BreadcrumbList\",\"@id\":\"https:\\\/\\\/eppne.ca\\\/devenez-benevole\\\/#breadcrumb\",\"itemListElement\":[{\"@type\":\"ListItem\",\"position\":1,\"name\":\"Home\",\"item\":\"https:\\\/\\\/eppne.ca\\\/\"},{\"@type\":\"ListItem\",\"position\":2,\"name\":\"Devenez b\u00e9n\u00e9vole\"}]},{\"@type\":\"WebSite\",\"@id\":\"https:\\\/\\\/eppne.ca\\\/#website\",\"url\":\"https:\\\/\\\/eppne.ca\\\/\",\"name\":\"EPPNE\",\"description\":\"Ensemble pour prot\u00e9ger nos enfants\",\"publisher\":{\"@id\":\"https:\\\/\\\/eppne.ca\\\/#organization\"},\"potentialAction\":[{\"@type\":\"SearchAction\",\"target\":{\"@type\":\"EntryPoint\",\"urlTemplate\":\"https:\\\/\\\/eppne.ca\\\/?s={search_term_string}\"},\"query-input\":{\"@type\":\"PropertyValueSpecification\",\"valueRequired\":true,\"valueName\":\"search_term_string\"}}],\"inLanguage\":\"en-CA\"},{\"@type\":\"Organization\",\"@id\":\"https:\\\/\\\/eppne.ca\\\/#organization\",\"name\":\"EPPNE\",\"url\":\"https:\\\/\\\/eppne.ca\\\/\",\"logo\":{\"@type\":\"ImageObject\",\"inLanguage\":\"en-CA\",\"@id\":\"https:\\\/\\\/eppne.ca\\\/#\\\/schema\\\/logo\\\/image\\\/\",\"url\":\"https:\\\/\\\/eppne.ca\\\/wp-content\\\/uploads\\\/2024\\\/02\\\/cropped-Enssemble-pour-proteger-nos-enfants-Logo.png\",\"contentUrl\":\"https:\\\/\\\/eppne.ca\\\/wp-content\\\/uploads\\\/2024\\\/02\\\/cropped-Enssemble-pour-proteger-nos-enfants-Logo.png\",\"width\":500,\"height\":250,\"caption\":\"EPPNE\"},\"image\":{\"@id\":\"https:\\\/\\\/eppne.ca\\\/#\\\/schema\\\/logo\\\/image\\\/\"}}]}<\/script>\n<!-- \/ Yoast SEO plugin. -->","yoast_head_json":{"title":"Devenez b\u00e9n\u00e9vole - EPPNE","robots":{"index":"index","follow":"follow","max-snippet":"max-snippet:-1","max-image-preview":"max-image-preview:large","max-video-preview":"max-video-preview:-1"},"canonical":"https:\/\/eppne.ca\/en\/devenez-benevole\/","og_locale":"en_US","og_type":"article","og_title":"Devenez b\u00e9n\u00e9vole - EPPNE","og_description":"DEVENIR B\u00c9N\u00c9VOLE Bienvenue en tant que b\u00e9n\u00e9vole \u201cpour prot\u00e9ger nos enfants\u201d.\u00a0 En remplissant ce formulaire, j\u2019exprime mon d\u00e9sir de contribuer aux efforts d\u2019EPPNE (Ensemble pour prot\u00e9ger nos enfants) \u00e0 d\u00e9noncer [&hellip;]","og_url":"https:\/\/eppne.ca\/en\/devenez-benevole\/","og_site_name":"EPPNE","article_modified_time":"2026-04-25T04:14:21+00:00","twitter_card":"summary_large_image","twitter_misc":{"Est. reading time":"1 minute"},"schema":{"@context":"https:\/\/schema.org","@graph":[{"@type":"WebPage","@id":"https:\/\/eppne.ca\/devenez-benevole\/","url":"https:\/\/eppne.ca\/devenez-benevole\/","name":"Devenez b\u00e9n\u00e9vole - EPPNE","isPartOf":{"@id":"https:\/\/eppne.ca\/#website"},"datePublished":"2026-04-25T03:52:04+00:00","dateModified":"2026-04-25T04:14:21+00:00","breadcrumb":{"@id":"https:\/\/eppne.ca\/devenez-benevole\/#breadcrumb"},"inLanguage":"en-CA","potentialAction":[{"@type":"ReadAction","target":["https:\/\/eppne.ca\/devenez-benevole\/"]}]},{"@type":"BreadcrumbList","@id":"https:\/\/eppne.ca\/devenez-benevole\/#breadcrumb","itemListElement":[{"@type":"ListItem","position":1,"name":"Home","item":"https:\/\/eppne.ca\/"},{"@type":"ListItem","position":2,"name":"Devenez b\u00e9n\u00e9vole"}]},{"@type":"WebSite","@id":"https:\/\/eppne.ca\/#website","url":"https:\/\/eppne.ca\/","name":"EPPNE","description":"Ensemble pour prot\u00e9ger nos enfants","publisher":{"@id":"https:\/\/eppne.ca\/#organization"},"potentialAction":[{"@type":"SearchAction","target":{"@type":"EntryPoint","urlTemplate":"https:\/\/eppne.ca\/?s={search_term_string}"},"query-input":{"@type":"PropertyValueSpecification","valueRequired":true,"valueName":"search_term_string"}}],"inLanguage":"en-CA"},{"@type":"Organization","@id":"https:\/\/eppne.ca\/#organization","name":"EPPNE","url":"https:\/\/eppne.ca\/","logo":{"@type":"ImageObject","inLanguage":"en-CA","@id":"https:\/\/eppne.ca\/#\/schema\/logo\/image\/","url":"https:\/\/eppne.ca\/wp-content\/uploads\/2024\/02\/cropped-Enssemble-pour-proteger-nos-enfants-Logo.png","contentUrl":"https:\/\/eppne.ca\/wp-content\/uploads\/2024\/02\/cropped-Enssemble-pour-proteger-nos-enfants-Logo.png","width":500,"height":250,"caption":"EPPNE"},"image":{"@id":"https:\/\/eppne.ca\/#\/schema\/logo\/image\/"}}]}},"_links":{"self":[{"href":"https:\/\/eppne.ca\/en\/wp-json\/wp\/v2\/pages\/3200","targetHints":{"allow":["GET"]}}],"collection":[{"href":"https:\/\/eppne.ca\/en\/wp-json\/wp\/v2\/pages"}],"about":[{"href":"https:\/\/eppne.ca\/en\/wp-json\/wp\/v2\/types\/page"}],"author":[{"embeddable":true,"href":"https:\/\/eppne.ca\/en\/wp-json\/wp\/v2\/users\/1"}],"replies":[{"embeddable":true,"href":"https:\/\/eppne.ca\/en\/wp-json\/wp\/v2\/comments?post=3200"}],"version-history":[{"count":13,"href":"https:\/\/eppne.ca\/en\/wp-json\/wp\/v2\/pages\/3200\/revisions"}],"predecessor-version":[{"id":3215,"href":"https:\/\/eppne.ca\/en\/wp-json\/wp\/v2\/pages\/3200\/revisions\/3215"}],"wp:attachment":[{"href":"https:\/\/eppne.ca\/en\/wp-json\/wp\/v2\/media?parent=3200"}],"curies":[{"name":"wp","href":"https:\/\/api.w.org\/{rel}","templated":true}]}}