{"id":2652,"date":"2025-04-22T15:27:33","date_gmt":"2025-04-22T15:27:33","guid":{"rendered":"https:\/\/eppne.ca\/?page_id=2652"},"modified":"2025-04-22T16:45:03","modified_gmt":"2025-04-22T16:45:03","slug":"suivi-des-demandes-daccommodements","status":"publish","type":"page","link":"https:\/\/eppne.ca\/en\/suivi-des-demandes-daccommodements\/","title":{"rendered":"Suivi des demandes d&#8217;accommodements"},"content":{"rendered":"\t\t<div data-elementor-type=\"wp-page\" data-elementor-id=\"2652\" class=\"elementor elementor-2652\" data-elementor-post-type=\"page\">\n\t\t\t\t<div class=\"elementor-element elementor-element-7a3ad55 e-flex e-con-boxed e-con e-parent\" data-id=\"7a3ad55\" data-element_type=\"container\" data-e-type=\"container\">\n\t\t\t\t\t<div class=\"e-con-inner\">\n\t\t\t\t<div class=\"elementor-element elementor-element-d06ca55 elementor-widget elementor-widget-heading\" data-id=\"d06ca55\" data-element_type=\"widget\" data-e-type=\"widget\" data-widget_type=\"heading.default\">\n\t\t\t\t<div class=\"elementor-widget-container\">\n\t\t\t\t\t<h2 class=\"elementor-heading-title elementor-size-default\">Suivi des demandes d'accommodements\n<\/h2>\t\t\t\t<\/div>\n\t\t\t\t<\/div>\n\t\t\t\t\t<\/div>\n\t\t\t\t<\/div>\n\t\t<div class=\"elementor-element elementor-element-a4705c3 e-flex e-con-boxed e-con e-parent\" data-id=\"a4705c3\" data-element_type=\"container\" data-e-type=\"container\">\n\t\t\t\t\t<div class=\"e-con-inner\">\n\t\t\t\t<div class=\"elementor-element elementor-element-ea09496 list_bullet elementor-widget elementor-widget-text-editor\" data-id=\"ea09496\" data-element_type=\"widget\" data-e-type=\"widget\" data-widget_type=\"text-editor.default\">\n\t\t\t\t<div class=\"elementor-widget-container\">\n\t\t\t\t\t\t\t\t\t<p>Ce formulaire a pour but de regrouper toutes les donn\u00e9es en lien avec les demandes d&#8217;accommodements des cours d&#8217;\u00e9ducation \u00e0 la sexualit\u00e9; il permettra de monter des dossiers en vue de poursuites collectives.<br \/><br \/><\/p><p><em>Si vous avez besoin d\u2019aide, vous pouvez toujours consulter la foire aux questions <a href=\"https:\/\/eppne.ca\/demande-dacommodement\/\">ici<\/a>.<\/em><\/p><p>\u00a0<\/p>\t\t\t\t\t\t\t\t<\/div>\n\t\t\t\t<\/div>\n\t\t\t\t\t<\/div>\n\t\t\t\t<\/div>\n\t\t<div class=\"elementor-element elementor-element-7bd68dc e-flex e-con-boxed e-con e-parent\" data-id=\"7bd68dc\" data-element_type=\"container\" data-e-type=\"container\">\n\t\t\t\t\t<div class=\"e-con-inner\">\n\t\t\t\t<div class=\"elementor-element elementor-element-bd297d6 list_bullet elementor-button-align-stretch elementor-widget elementor-widget-form\" data-id=\"bd297d6\" data-element_type=\"widget\" data-e-type=\"widget\" data-settings=\"{&quot;step_next_label&quot;:&quot;Suivant&quot;,&quot;step_previous_label&quot;:&quot;Pr\\u00e9c\\u00e9dent&quot;,&quot;button_width&quot;:&quot;100&quot;,&quot;step_type&quot;:&quot;number_text&quot;,&quot;step_icon_shape&quot;:&quot;circle&quot;}\" data-widget_type=\"form.default\">\n\t\t\t\t<div class=\"elementor-widget-container\">\n\t\t\t\t\t\t\t<form class=\"elementor-form\" method=\"post\" name=\"Suivi des demandes d&#039;accommodements \u200b\" aria-label=\"Suivi des demandes d&#039;accommodements \u200b\">\n\t\t\t<input type=\"hidden\" name=\"post_id\" value=\"2652\"\/>\n\t\t\t<input type=\"hidden\" name=\"form_id\" value=\"bd297d6\"\/>\n\t\t\t<input type=\"hidden\" name=\"referer_title\" value=\"Suivi des demandes d&#039;accommodements - EPPNE\" \/>\n\n\t\t\t\t\t\t\t<input type=\"hidden\" name=\"queried_id\" value=\"2652\"\/>\n\t\t\t\n\t\t\t<div class=\"elementor-form-fields-wrapper elementor-labels-above\">\n\t\t\t\t\t\t\t\t<div class=\"elementor-field-type-step elementor-field-group elementor-column elementor-field-group-field_df85066 elementor-col-100\">\n\t\t\t\t\t\t\t<div class=\"e-field-step elementor-hidden\" data-label=\"Information sur l&#039;\u00e9tablissement\" data-previousButton=\"\" data-nextButton=\"\" data-iconUrl=\"\" data-iconLibrary=\"fas fa-star\" data-icon=\"&lt;svg class=&quot;e-font-icon-svg e-fas-star&quot; viewBox=&quot;0 0 576 512&quot; xmlns=&quot;http:\/\/www.w3.org\/2000\/svg&quot;&gt;&lt;path d=&quot;M259.3 17.8L194 150.2 47.9 171.5c-26.2 3.8-36.7 36.1-17.7 54.6l105.7 103-25 145.5c-4.5 26.3 23.2 46 46.4 33.7L288 439.6l130.7 68.7c23.2 12.2 50.9-7.4 46.4-33.7l-25-145.5 105.7-103c19-18.5 8.5-50.8-17.7-54.6L382 150.2 316.7 17.8c-11.7-23.6-45.6-23.9-57.4 0z&quot;&gt;&lt;\/path&gt;&lt;\/svg&gt;\" ><\/div>\n\n\t\t\t\t\t\t<\/div>\n\t\t\t\t\t\t\t\t<div class=\"elementor-field-type-text elementor-field-group elementor-column elementor-field-group-name elementor-col-50 elementor-field-required elementor-mark-required\">\n\t\t\t\t\t\t\t\t\t\t\t\t<label for=\"form-field-name\" class=\"elementor-field-label\">\n\t\t\t\t\t\t\t\tNom de l'\u00e9tablissement scolaire public ou priv\u00e9 au Qu\u00e9bec\t\t\t\t\t\t\t<\/label>\n\t\t\t\t\t\t\t\t\t\t\t\t\t\t<input size=\"1\" type=\"text\" name=\"form_fields[name]\" id=\"form-field-name\" class=\"elementor-field elementor-size-sm  elementor-field-textual\" placeholder=\"Nom de l&#039;\u00e9tablissement scolaire public ou priv\u00e9 au Qu\u00e9bec\" required=\"required\">\n\t\t\t\t\t\t\t\t\t\t\t<\/div>\n\t\t\t\t\t\t\t\t<div class=\"elementor-field-type-text elementor-field-group elementor-column elementor-field-group-field_9724869 elementor-col-50\">\n\t\t\t\t\t\t\t\t\t\t\t\t<label for=\"form-field-field_9724869\" class=\"elementor-field-label\">\n\t\t\t\t\t\t\t\tCommission scolaire affili\u00e9e \u00e0 l'\u00e9cole de votre enfant (si possible)\t\t\t\t\t\t\t<\/label>\n\t\t\t\t\t\t\t\t\t\t\t\t\t\t<input size=\"1\" type=\"text\" name=\"form_fields[field_9724869]\" id=\"form-field-field_9724869\" class=\"elementor-field elementor-size-sm  elementor-field-textual\" placeholder=\"Commission scolaire affili\u00e9e \u00e0 l&#039;\u00e9cole de votre enfant (si possible)\">\n\t\t\t\t\t\t\t\t\t\t\t<\/div>\n\t\t\t\t\t\t\t\t<div class=\"elementor-field-type-text elementor-field-group elementor-column elementor-field-group-field_3a15e22 elementor-col-50 elementor-field-required elementor-mark-required\">\n\t\t\t\t\t\t\t\t\t\t\t\t<label for=\"form-field-field_3a15e22\" class=\"elementor-field-label\">\n\t\t\t\t\t\t\t\tNom du directeur ou de la directrice de l'\u00e9tablissement\t\t\t\t\t\t\t<\/label>\n\t\t\t\t\t\t\t\t\t\t\t\t\t\t<input size=\"1\" type=\"text\" name=\"form_fields[field_3a15e22]\" id=\"form-field-field_3a15e22\" class=\"elementor-field elementor-size-sm  elementor-field-textual\" placeholder=\"Nom du directeur ou de la directrice de l&#039;\u00e9tablissement\" required=\"required\">\n\t\t\t\t\t\t\t\t\t\t\t<\/div>\n\t\t\t\t\t\t\t\t<div class=\"elementor-field-type-select elementor-field-group elementor-column elementor-field-group-email elementor-col-50\">\n\t\t\t\t\t\t\t\t\t\t\t\t<label for=\"form-field-email\" class=\"elementor-field-label\">\n\t\t\t\t\t\t\t\tNiveau scolaire de votre enfant\t\t\t\t\t\t\t<\/label>\n\t\t\t\t\t\t\t\t<div class=\"elementor-field elementor-select-wrapper remove-before \">\n\t\t\t<div class=\"select-caret-down-wrapper\">\n\t\t\t\t<svg aria-hidden=\"true\" class=\"e-font-icon-svg e-eicon-caret-down\" viewBox=\"0 0 571.4 571.4\" xmlns=\"http:\/\/www.w3.org\/2000\/svg\"><path d=\"M571 393Q571 407 561 418L311 668Q300 679 286 679T261 668L11 418Q0 407 0 393T11 368 36 357H536Q550 357 561 368T571 393Z\"><\/path><\/svg>\t\t\t<\/div>\n\t\t\t<select name=\"form_fields[email]\" id=\"form-field-email\" class=\"elementor-field-textual elementor-size-sm\">\n\t\t\t\t\t\t\t\t\t<option value=\"Primaire 1\">Primaire 1<\/option>\n\t\t\t\t\t\t\t\t\t<option value=\"Primaire 2\">Primaire 2<\/option>\n\t\t\t\t\t\t\t\t\t<option value=\"Primaire 3\">Primaire 3<\/option>\n\t\t\t\t\t\t\t\t\t<option value=\"Primaire 4\">Primaire 4<\/option>\n\t\t\t\t\t\t\t\t\t<option value=\"Primaire 5\">Primaire 5<\/option>\n\t\t\t\t\t\t\t\t\t<option value=\"Primaire 6\">Primaire 6<\/option>\n\t\t\t\t\t\t\t\t\t<option value=\"Secondaire 1\">Secondaire 1<\/option>\n\t\t\t\t\t\t\t\t\t<option value=\"Secondaire 2\">Secondaire 2<\/option>\n\t\t\t\t\t\t\t\t\t<option value=\"Secondaire 3\">Secondaire 3<\/option>\n\t\t\t\t\t\t\t\t\t<option value=\"Secondaire 4\">Secondaire 4<\/option>\n\t\t\t\t\t\t\t\t\t<option value=\"Secondaire 5\">Secondaire 5<\/option>\n\t\t\t\t\t\t\t<\/select>\n\t\t<\/div>\n\t\t\t\t\t\t<\/div>\n\t\t\t\t\t\t\t\t<div class=\"elementor-field-type-text elementor-field-group elementor-column elementor-field-group-field_46478cd elementor-col-50 elementor-field-required elementor-mark-required\">\n\t\t\t\t\t\t\t\t\t\t\t\t<label for=\"form-field-field_46478cd\" class=\"elementor-field-label\">\n\t\t\t\t\t\t\t\tQuel est le sujet ou l'activit\u00e9 qui fait l'objet de demande d'accommodement du cours d'\u00e9ducation \u00e0 la sexualit\u00e9 ?\t\t\t\t\t\t\t<\/label>\n\t\t\t\t\t\t\t\t\t\t\t\t\t\t<input size=\"1\" type=\"text\" name=\"form_fields[field_46478cd]\" id=\"form-field-field_46478cd\" class=\"elementor-field elementor-size-sm  elementor-field-textual\" placeholder=\"Quel est le sujet ou l&#039;activit\u00e9 qui fait l&#039;objet de demande d&#039;accommodement du cours d&#039;\u00e9ducation \u00e0 la sexualit\u00e9 ?\" required=\"required\">\n\t\t\t\t\t\t\t\t\t\t\t<\/div>\n\t\t\t\t\t\t\t\t<div class=\"elementor-field-type-text elementor-field-group elementor-column elementor-field-group-field_dec1d33 elementor-col-50 elementor-field-required elementor-mark-required\">\n\t\t\t\t\t\t\t\t\t\t\t\t<label for=\"form-field-field_dec1d33\" class=\"elementor-field-label\">\n\t\t\t\t\t\t\t\tBri\u00e8vement Motif et argumentation des parents\t\t\t\t\t\t\t<\/label>\n\t\t\t\t\t\t\t\t\t\t\t\t\t\t<input size=\"1\" type=\"text\" name=\"form_fields[field_dec1d33]\" id=\"form-field-field_dec1d33\" class=\"elementor-field elementor-size-sm  elementor-field-textual\" placeholder=\"Bri\u00e8vement Motif et argumentation des parents\" required=\"required\">\n\t\t\t\t\t\t\t\t\t\t\t<\/div>\n\t\t\t\t\t\t\t\t<div class=\"elementor-field-type-select elementor-field-group elementor-column elementor-field-group-field_e7a1f2f elementor-col-100 elementor-field-required elementor-mark-required\">\n\t\t\t\t\t\t\t\t\t\t\t\t<label for=\"form-field-field_e7a1f2f\" class=\"elementor-field-label\">\n\t\t\t\t\t\t\t\tStatut de la r\u00e9ponse \u00e0 votre demande de l'\u00e9cole\t\t\t\t\t\t\t<\/label>\n\t\t\t\t\t\t\t\t<div class=\"elementor-field elementor-select-wrapper remove-before \">\n\t\t\t<div class=\"select-caret-down-wrapper\">\n\t\t\t\t<svg aria-hidden=\"true\" class=\"e-font-icon-svg e-eicon-caret-down\" viewBox=\"0 0 571.4 571.4\" xmlns=\"http:\/\/www.w3.org\/2000\/svg\"><path d=\"M571 393Q571 407 561 418L311 668Q300 679 286 679T261 668L11 418Q0 407 0 393T11 368 36 357H536Q550 357 561 368T571 393Z\"><\/path><\/svg>\t\t\t<\/div>\n\t\t\t<select name=\"form_fields[field_e7a1f2f]\" id=\"form-field-field_e7a1f2f\" class=\"elementor-field-textual elementor-size-sm\" required=\"required\">\n\t\t\t\t\t\t\t\t\t<option value=\"En cours\">En cours<\/option>\n\t\t\t\t\t\t\t\t\t<option value=\"Refus\u00e9\">Refus\u00e9<\/option>\n\t\t\t\t\t\t\t\t\t<option value=\"Accept\u00e9\">Accept\u00e9<\/option>\n\t\t\t\t\t\t\t<\/select>\n\t\t<\/div>\n\t\t\t\t\t\t<\/div>\n\t\t\t\t\t\t\t\t<div class=\"elementor-field-type-step elementor-field-group elementor-column elementor-field-group-field_1609d42 elementor-col-100\">\n\t\t\t\t\t\t\t<div class=\"e-field-step elementor-hidden\" data-label=\"Informations personnelles\" data-previousButton=\"\" data-nextButton=\"\" data-iconUrl=\"\" data-iconLibrary=\"fas fa-star\" data-icon=\"&lt;svg class=&quot;e-font-icon-svg e-fas-star&quot; viewBox=&quot;0 0 576 512&quot; xmlns=&quot;http:\/\/www.w3.org\/2000\/svg&quot;&gt;&lt;path d=&quot;M259.3 17.8L194 150.2 47.9 171.5c-26.2 3.8-36.7 36.1-17.7 54.6l105.7 103-25 145.5c-4.5 26.3 23.2 46 46.4 33.7L288 439.6l130.7 68.7c23.2 12.2 50.9-7.4 46.4-33.7l-25-145.5 105.7-103c19-18.5 8.5-50.8-17.7-54.6L382 150.2 316.7 17.8c-11.7-23.6-45.6-23.9-57.4 0z&quot;&gt;&lt;\/path&gt;&lt;\/svg&gt;\" ><\/div>\n\n\t\t\t\t\t\t<\/div>\n\t\t\t\t\t\t\t\t<div class=\"elementor-field-type-text elementor-field-group elementor-column elementor-field-group-field_ab936ec elementor-col-50\">\n\t\t\t\t\t\t\t\t\t\t\t\t<label for=\"form-field-field_ab936ec\" class=\"elementor-field-label\">\n\t\t\t\t\t\t\t\tPseudonyme\t\t\t\t\t\t\t<\/label>\n\t\t\t\t\t\t\t\t\t\t\t\t\t\t<input size=\"1\" type=\"text\" name=\"form_fields[field_ab936ec]\" id=\"form-field-field_ab936ec\" class=\"elementor-field elementor-size-sm  elementor-field-textual\" placeholder=\"Pseudonyme\">\n\t\t\t\t\t\t\t\t\t\t\t<\/div>\n\t\t\t\t\t\t\t\t<div class=\"elementor-field-type-email elementor-field-group elementor-column elementor-field-group-field_2011933 elementor-col-50\">\n\t\t\t\t\t\t\t\t\t\t\t\t<label for=\"form-field-field_2011933\" class=\"elementor-field-label\">\n\t\t\t\t\t\t\t\tCourriel\t\t\t\t\t\t\t<\/label>\n\t\t\t\t\t\t\t\t\t\t\t\t\t\t<input size=\"1\" type=\"email\" name=\"form_fields[field_2011933]\" id=\"form-field-field_2011933\" class=\"elementor-field elementor-size-sm  elementor-field-textual\" placeholder=\"Courriel\">\n\t\t\t\t\t\t\t\t\t\t\t<\/div>\n\t\t\t\t\t\t\t\t<div class=\"elementor-field-type-tel elementor-field-group elementor-column elementor-field-group-field_d7d268b elementor-col-50\">\n\t\t\t\t\t\t\t\t\t\t\t\t<label for=\"form-field-field_d7d268b\" class=\"elementor-field-label\">\n\t\t\t\t\t\t\t\tT\u00e9l\u00e9phone\t\t\t\t\t\t\t<\/label>\n\t\t\t\t\t\t\t\t<input size=\"1\" type=\"tel\" name=\"form_fields[field_d7d268b]\" id=\"form-field-field_d7d268b\" class=\"elementor-field elementor-size-sm  elementor-field-textual\" placeholder=\"T\u00e9l\u00e9phone\" pattern=\"[0-9()#&amp;+*-=.]+\" title=\"Seuls les caract\u00e8res de num\u00e9ros de t\u00e9l\u00e9phone (#, -, *, etc.) sont accept\u00e9s.\">\n\n\t\t\t\t\t\t<\/div>\n\t\t\t\t\t\t\t\t<div class=\"elementor-field-type-text elementor-field-group elementor-column elementor-field-group-field_7b8d3f1 elementor-col-50 elementor-field-required elementor-mark-required\">\n\t\t\t\t\t\t\t\t\t\t\t\t<label for=\"form-field-field_7b8d3f1\" class=\"elementor-field-label\">\n\t\t\t\t\t\t\t\tVotre code postal\t\t\t\t\t\t\t<\/label>\n\t\t\t\t\t\t\t\t\t\t\t\t\t\t<input size=\"1\" type=\"text\" name=\"form_fields[field_7b8d3f1]\" id=\"form-field-field_7b8d3f1\" class=\"elementor-field elementor-size-sm  elementor-field-textual\" placeholder=\"Votre code postal\" required=\"required\">\n\t\t\t\t\t\t\t\t\t\t\t<\/div>\n\t\t\t\t\t\t\t\t<div class=\"elementor-field-type-textarea elementor-field-group elementor-column elementor-field-group-field_5e756de elementor-col-100\">\n\t\t\t\t\t\t\t\t\t\t\t\t<label for=\"form-field-field_5e756de\" class=\"elementor-field-label\">\n\t\t\t\t\t\t\t\tCommentaire suppl\u00e9mentaire\t\t\t\t\t\t\t<\/label>\n\t\t\t\t\t\t<textarea class=\"elementor-field-textual elementor-field  elementor-size-sm\" name=\"form_fields[field_5e756de]\" id=\"form-field-field_5e756de\" rows=\"4\" placeholder=\"Commentaire suppl\u00e9mentaire\"><\/textarea>\t\t\t\t<\/div>\n\t\t\t\t\t\t\t\t<div class=\"elementor-field-type-textarea elementor-field-group elementor-column elementor-field-group-field_83933b4 elementor-col-100\">\n\t\t\t\t\t\t\t\t\t\t\t\t<label for=\"form-field-field_83933b4\" class=\"elementor-field-label\">\n\t\t\t\t\t\t\t\tRaisons du refus\t\t\t\t\t\t\t<\/label>\n\t\t\t\t\t\t<textarea class=\"elementor-field-textual elementor-field  elementor-size-sm\" name=\"form_fields[field_83933b4]\" id=\"form-field-field_83933b4\" rows=\"4\" placeholder=\"Raisons du refus\"><\/textarea>\t\t\t\t<\/div>\n\t\t\t\t\t\t\t\t<div class=\"elementor-field-group elementor-column elementor-field-type-submit elementor-col-100 e-form__buttons\">\n\t\t\t\t\t<button class=\"elementor-button elementor-size-sm\" type=\"submit\">\n\t\t\t\t\t\t<span class=\"elementor-button-content-wrapper\">\n\t\t\t\t\t\t\t\t\t\t\t\t\t\t\t\t\t\t\t\t\t\t<span class=\"elementor-button-text\">ENVOYER LA DEMANDE<\/span>\n\t\t\t\t\t\t\t\t\t\t\t\t\t<\/span>\n\t\t\t\t\t<\/button>\n\t\t\t\t<\/div>\n\t\t\t<\/div>\n\t\t<\/form>\n\t\t\t\t\t\t<\/div>\n\t\t\t\t<\/div>\n\t\t\t\t\t<\/div>\n\t\t\t\t<\/div>\n\t\t\t\t<\/div>\n\t\t","protected":false},"excerpt":{"rendered":"<p>Suivi des demandes d&#8217;accommodements Ce formulaire a pour but de regrouper toutes les donn\u00e9es en lien avec les demandes d&#8217;accommodements des cours d&#8217;\u00e9ducation \u00e0 la sexualit\u00e9; il permettra de monter [&hellip;]<\/p>\n","protected":false},"author":1,"featured_media":0,"parent":0,"menu_order":0,"comment_status":"closed","ping_status":"closed","template":"elementor_theme","meta":{"_coblocks_attr":"","_coblocks_dimensions":"","_coblocks_responsive_height":"","_coblocks_accordion_ie_support":"","footnotes":""},"class_list":["post-2652","page","type-page","status-publish","hentry"],"yoast_head":"<!-- This site is optimized with the Yoast SEO plugin v27.4 - https:\/\/yoast.com\/product\/yoast-seo-wordpress\/ -->\n<title>Suivi des demandes d&#039;accommodements - EPPNE<\/title>\n<meta name=\"robots\" content=\"index, follow, max-snippet:-1, max-image-preview:large, max-video-preview:-1\" \/>\n<link rel=\"canonical\" href=\"https:\/\/eppne.ca\/en\/suivi-des-demandes-daccommodements\/\" \/>\n<meta property=\"og:locale\" content=\"en_US\" \/>\n<meta property=\"og:type\" content=\"article\" \/>\n<meta property=\"og:title\" content=\"Suivi des demandes d&#039;accommodements - EPPNE\" \/>\n<meta property=\"og:description\" content=\"Suivi des demandes d&#8217;accommodements Ce formulaire a pour but de regrouper toutes les donn\u00e9es en lien avec les demandes d&#8217;accommodements des cours d&#8217;\u00e9ducation \u00e0 la sexualit\u00e9; il permettra de monter [&hellip;]\" \/>\n<meta property=\"og:url\" content=\"https:\/\/eppne.ca\/en\/suivi-des-demandes-daccommodements\/\" \/>\n<meta property=\"og:site_name\" content=\"EPPNE\" \/>\n<meta property=\"article:modified_time\" content=\"2025-04-22T16:45:03+00:00\" \/>\n<meta name=\"twitter:card\" content=\"summary_large_image\" \/>\n<meta name=\"twitter:label1\" content=\"Est. reading time\" \/>\n\t<meta name=\"twitter:data1\" content=\"1 minute\" \/>\n<script type=\"application\/ld+json\" class=\"yoast-schema-graph\">{\"@context\":\"https:\\\/\\\/schema.org\",\"@graph\":[{\"@type\":\"WebPage\",\"@id\":\"https:\\\/\\\/eppne.ca\\\/en\\\/suivi-des-demandes-daccommodements\\\/\",\"url\":\"https:\\\/\\\/eppne.ca\\\/en\\\/suivi-des-demandes-daccommodements\\\/\",\"name\":\"Suivi des demandes d'accommodements - EPPNE\",\"isPartOf\":{\"@id\":\"https:\\\/\\\/eppne.ca\\\/#website\"},\"datePublished\":\"2025-04-22T15:27:33+00:00\",\"dateModified\":\"2025-04-22T16:45:03+00:00\",\"breadcrumb\":{\"@id\":\"https:\\\/\\\/eppne.ca\\\/en\\\/suivi-des-demandes-daccommodements\\\/#breadcrumb\"},\"inLanguage\":\"en-CA\",\"potentialAction\":[{\"@type\":\"ReadAction\",\"target\":[\"https:\\\/\\\/eppne.ca\\\/en\\\/suivi-des-demandes-daccommodements\\\/\"]}]},{\"@type\":\"BreadcrumbList\",\"@id\":\"https:\\\/\\\/eppne.ca\\\/en\\\/suivi-des-demandes-daccommodements\\\/#breadcrumb\",\"itemListElement\":[{\"@type\":\"ListItem\",\"position\":1,\"name\":\"Home\",\"item\":\"https:\\\/\\\/eppne.ca\\\/\"},{\"@type\":\"ListItem\",\"position\":2,\"name\":\"Suivi des demandes d&#8217;accommodements\"}]},{\"@type\":\"WebSite\",\"@id\":\"https:\\\/\\\/eppne.ca\\\/#website\",\"url\":\"https:\\\/\\\/eppne.ca\\\/\",\"name\":\"EPPNE\",\"description\":\"Ensemble pour prot\u00e9ger nos enfants\",\"publisher\":{\"@id\":\"https:\\\/\\\/eppne.ca\\\/#organization\"},\"potentialAction\":[{\"@type\":\"SearchAction\",\"target\":{\"@type\":\"EntryPoint\",\"urlTemplate\":\"https:\\\/\\\/eppne.ca\\\/?s={search_term_string}\"},\"query-input\":{\"@type\":\"PropertyValueSpecification\",\"valueRequired\":true,\"valueName\":\"search_term_string\"}}],\"inLanguage\":\"en-CA\"},{\"@type\":\"Organization\",\"@id\":\"https:\\\/\\\/eppne.ca\\\/#organization\",\"name\":\"EPPNE\",\"url\":\"https:\\\/\\\/eppne.ca\\\/\",\"logo\":{\"@type\":\"ImageObject\",\"inLanguage\":\"en-CA\",\"@id\":\"https:\\\/\\\/eppne.ca\\\/#\\\/schema\\\/logo\\\/image\\\/\",\"url\":\"https:\\\/\\\/eppne.ca\\\/wp-content\\\/uploads\\\/2024\\\/02\\\/cropped-Enssemble-pour-proteger-nos-enfants-Logo.png\",\"contentUrl\":\"https:\\\/\\\/eppne.ca\\\/wp-content\\\/uploads\\\/2024\\\/02\\\/cropped-Enssemble-pour-proteger-nos-enfants-Logo.png\",\"width\":500,\"height\":250,\"caption\":\"EPPNE\"},\"image\":{\"@id\":\"https:\\\/\\\/eppne.ca\\\/#\\\/schema\\\/logo\\\/image\\\/\"}}]}<\/script>\n<!-- \/ Yoast SEO plugin. -->","yoast_head_json":{"title":"Suivi des demandes d'accommodements - EPPNE","robots":{"index":"index","follow":"follow","max-snippet":"max-snippet:-1","max-image-preview":"max-image-preview:large","max-video-preview":"max-video-preview:-1"},"canonical":"https:\/\/eppne.ca\/en\/suivi-des-demandes-daccommodements\/","og_locale":"en_US","og_type":"article","og_title":"Suivi des demandes d'accommodements - EPPNE","og_description":"Suivi des demandes d&#8217;accommodements Ce formulaire a pour but de regrouper toutes les donn\u00e9es en lien avec les demandes d&#8217;accommodements des cours d&#8217;\u00e9ducation \u00e0 la sexualit\u00e9; il permettra de monter [&hellip;]","og_url":"https:\/\/eppne.ca\/en\/suivi-des-demandes-daccommodements\/","og_site_name":"EPPNE","article_modified_time":"2025-04-22T16:45:03+00:00","twitter_card":"summary_large_image","twitter_misc":{"Est. reading time":"1 minute"},"schema":{"@context":"https:\/\/schema.org","@graph":[{"@type":"WebPage","@id":"https:\/\/eppne.ca\/en\/suivi-des-demandes-daccommodements\/","url":"https:\/\/eppne.ca\/en\/suivi-des-demandes-daccommodements\/","name":"Suivi des demandes d'accommodements - EPPNE","isPartOf":{"@id":"https:\/\/eppne.ca\/#website"},"datePublished":"2025-04-22T15:27:33+00:00","dateModified":"2025-04-22T16:45:03+00:00","breadcrumb":{"@id":"https:\/\/eppne.ca\/en\/suivi-des-demandes-daccommodements\/#breadcrumb"},"inLanguage":"en-CA","potentialAction":[{"@type":"ReadAction","target":["https:\/\/eppne.ca\/en\/suivi-des-demandes-daccommodements\/"]}]},{"@type":"BreadcrumbList","@id":"https:\/\/eppne.ca\/en\/suivi-des-demandes-daccommodements\/#breadcrumb","itemListElement":[{"@type":"ListItem","position":1,"name":"Home","item":"https:\/\/eppne.ca\/"},{"@type":"ListItem","position":2,"name":"Suivi des demandes d&#8217;accommodements"}]},{"@type":"WebSite","@id":"https:\/\/eppne.ca\/#website","url":"https:\/\/eppne.ca\/","name":"EPPNE","description":"Ensemble pour prot\u00e9ger nos enfants","publisher":{"@id":"https:\/\/eppne.ca\/#organization"},"potentialAction":[{"@type":"SearchAction","target":{"@type":"EntryPoint","urlTemplate":"https:\/\/eppne.ca\/?s={search_term_string}"},"query-input":{"@type":"PropertyValueSpecification","valueRequired":true,"valueName":"search_term_string"}}],"inLanguage":"en-CA"},{"@type":"Organization","@id":"https:\/\/eppne.ca\/#organization","name":"EPPNE","url":"https:\/\/eppne.ca\/","logo":{"@type":"ImageObject","inLanguage":"en-CA","@id":"https:\/\/eppne.ca\/#\/schema\/logo\/image\/","url":"https:\/\/eppne.ca\/wp-content\/uploads\/2024\/02\/cropped-Enssemble-pour-proteger-nos-enfants-Logo.png","contentUrl":"https:\/\/eppne.ca\/wp-content\/uploads\/2024\/02\/cropped-Enssemble-pour-proteger-nos-enfants-Logo.png","width":500,"height":250,"caption":"EPPNE"},"image":{"@id":"https:\/\/eppne.ca\/#\/schema\/logo\/image\/"}}]}},"_links":{"self":[{"href":"https:\/\/eppne.ca\/en\/wp-json\/wp\/v2\/pages\/2652","targetHints":{"allow":["GET"]}}],"collection":[{"href":"https:\/\/eppne.ca\/en\/wp-json\/wp\/v2\/pages"}],"about":[{"href":"https:\/\/eppne.ca\/en\/wp-json\/wp\/v2\/types\/page"}],"author":[{"embeddable":true,"href":"https:\/\/eppne.ca\/en\/wp-json\/wp\/v2\/users\/1"}],"replies":[{"embeddable":true,"href":"https:\/\/eppne.ca\/en\/wp-json\/wp\/v2\/comments?post=2652"}],"version-history":[{"count":13,"href":"https:\/\/eppne.ca\/en\/wp-json\/wp\/v2\/pages\/2652\/revisions"}],"predecessor-version":[{"id":2670,"href":"https:\/\/eppne.ca\/en\/wp-json\/wp\/v2\/pages\/2652\/revisions\/2670"}],"wp:attachment":[{"href":"https:\/\/eppne.ca\/en\/wp-json\/wp\/v2\/media?parent=2652"}],"curies":[{"name":"wp","href":"https:\/\/api.w.org\/{rel}","templated":true}]}}