{"id":2635,"date":"2025-04-22T15:11:15","date_gmt":"2025-04-22T15:11:15","guid":{"rendered":"https:\/\/eppne.ca\/?page_id=2635"},"modified":"2025-04-28T19:42:23","modified_gmt":"2025-04-28T19:42:23","slug":"preceptes-pour-personnes-de-conscience","status":"publish","type":"page","link":"https:\/\/eppne.ca\/en\/preceptes-pour-personnes-de-conscience\/","title":{"rendered":"Pr\u00e9ceptes pour personnes de conscience"},"content":{"rendered":"\t\t<div data-elementor-type=\"wp-page\" data-elementor-id=\"2635\" class=\"elementor elementor-2635\" data-elementor-post-type=\"page\">\n\t\t\t\t<div class=\"elementor-element elementor-element-44ecc80 e-flex e-con-boxed e-con e-parent\" data-id=\"44ecc80\" data-element_type=\"container\" data-e-type=\"container\">\n\t\t\t\t\t<div class=\"e-con-inner\">\n\t\t\t\t<div class=\"elementor-element elementor-element-1da5aba elementor-widget elementor-widget-heading\" data-id=\"1da5aba\" data-element_type=\"widget\" data-e-type=\"widget\" data-widget_type=\"heading.default\">\n\t\t\t\t<div class=\"elementor-widget-container\">\n\t\t\t\t\t<h2 class=\"elementor-heading-title elementor-size-default\">Pr\u00e9ceptes pour personnes de conscience \u2013 revendication du droit des parents tel que d\u00e9fendus dans les chartes - base pour une demande d\u2019accommodement pour personnes de conscience<\/h2>\t\t\t\t<\/div>\n\t\t\t\t<\/div>\n\t\t\t\t<div class=\"elementor-element elementor-element-2e71fa5 elementor-widget elementor-widget-spacer\" data-id=\"2e71fa5\" data-element_type=\"widget\" data-e-type=\"widget\" data-widget_type=\"spacer.default\">\n\t\t\t\t<div class=\"elementor-widget-container\">\n\t\t\t\t\t\t\t<div class=\"elementor-spacer\">\n\t\t\t<div class=\"elementor-spacer-inner\"><\/div>\n\t\t<\/div>\n\t\t\t\t\t\t<\/div>\n\t\t\t\t<\/div>\n\t\t\t\t<div class=\"elementor-element elementor-element-dcad860 elementor-align-center elementor-widget elementor-widget-button\" data-id=\"dcad860\" data-element_type=\"widget\" data-e-type=\"widget\" data-widget_type=\"button.default\">\n\t\t\t\t<div class=\"elementor-widget-container\">\n\t\t\t\t\t\t\t\t\t<div class=\"elementor-button-wrapper\">\n\t\t\t\t\t<a class=\"elementor-button elementor-button-link elementor-size-sm\" href=\"http:\/\/eppne.ca\/wp-content\/uploads\/2025\/04\/Lettre-daccomodement-Ecole-X_personne-de-conscience-2024.docx-1.pdf\">\n\t\t\t\t\t\t<span class=\"elementor-button-content-wrapper\">\n\t\t\t\t\t\t\t\t\t<span class=\"elementor-button-text\">T\u00e9l\u00e9charger la lettre mod\u00e8le<\/span>\n\t\t\t\t\t<\/span>\n\t\t\t\t\t<\/a>\n\t\t\t\t<\/div>\n\t\t\t\t\t\t\t\t<\/div>\n\t\t\t\t<\/div>\n\t\t\t\t<div class=\"elementor-element elementor-element-7fa55b5 elementor-widget elementor-widget-text-editor\" data-id=\"7fa55b5\" data-element_type=\"widget\" data-e-type=\"widget\" data-widget_type=\"text-editor.default\">\n\t\t\t\t<div class=\"elementor-widget-container\">\n\t\t\t\t\t\t\t\t\t<p>\u00a0<\/p><p><b>Charte qu\u00e9b\u00e9coise des droits et libert\u00e9s de la personne<\/b><span style=\"font-weight: 400;\">\u00a0: \u00ab41. Les parents ou les personnes qui en tiennent lieu ont le droit d\u2019assurer l\u2019\u00e9ducation religieuse et morale de leurs enfants conform\u00e9ment \u00e0 leurs convictions, dans le respect des droits de leurs enfants et de l\u2019int\u00e9r\u00eat de ceux-ci.\u00a0\u00bb<\/span><\/p><p><b>\u00a0<\/b><\/p><p><b>Code civil du Qu\u00e9bec<\/b><span style=\"font-weight: 400;\">\u00a0: 605. \u00ab\u00a0Que la garde de l\u2019enfant ait \u00e9t\u00e9 confi\u00e9e \u00e0 l\u2019un des parents ou \u00e0 une tierce personne, quelles qu\u2019en soient les raisons, les p\u00e8re et m\u00e8re ou les parents conservent le droit de surveiller son entretien et son \u00e9ducation et sont tenus d\u2019y contribuer \u00e0 proportion de leurs facult\u00e9s.\u00a0\u00bb<\/span><\/p><p><b>\u00a0<\/b><\/p><p><b>D\u00e9claration universelle des droits de l\u2019Homme<\/b><span style=\"font-weight: 400;\">, m\u00fbrement r\u00e9fl\u00e9chie pour \u00eatre un fondement des droits personnels de chacun apr\u00e8s les bouleversements de la Deuxi\u00e8me Guerre mondiale\u00a0:\u00a0Article 26,3. \u00ab\u00a0Les parents ont, par priorit\u00e9, le droit de choisir le genre d&#8217;\u00e9ducation \u00e0 donner \u00e0 leurs enfants.\u00a0\u00bb Nous demandons donc d\u2019avoir acc\u00e8s non seulement au programme mais au contenu du cours\u00a0 et de tout autre programme qui sera donn\u00e9 \u00e0 nos enfants et qui on trait aux valeurs, ceci tel qu\u2019il seront pr\u00e9sent\u00e9s aux enfants.<\/span><\/p><p><span style=\"font-weight: 400;\">\u00a0<\/span><\/p><p><b>Loi sur l\u2019instruction publique au Qu\u00e9bec<\/b><span style=\"font-weight: 400;\"> :\u00a0<\/span><\/p><p><span style=\"font-weight: 400;\">\u00a0\u00ab[L\u2019\u00e9cole] doit, notamment, faciliter le cheminement spirituel de l\u2019\u00e9l\u00e8ve afin de favoriser son \u00e9panouissement \u00bb (art. 36, al. 1); \u00ab Le projet \u00e9ducatif de l\u2019\u00e9cole doit respecter la libert\u00e9 de conscience et de religion des \u00e9l\u00e8ves, des parents et des membres du personnel de l\u2019\u00e9cole \u00bb (art. 37, al. 3).\u00a0<\/span><\/p><p><b>\u00a0<\/b><\/p><p><b>Convention internationale relative aux droits de l\u2019enfant <\/b><span style=\"font-weight: 400;\">de 1989, que le Canada a ratifi\u00e9 en 1991. Celle-ci pr\u00e9voit \u00e0 son\u00a0<\/span><\/p><p><span style=\"font-weight: 400;\">Article 14\u00a0 \u00ab 1. Les \u00c9tats parties respectent le droit de l&#8217;enfant \u00e0 la libert\u00e9 de pens\u00e9e, de conscience et de religion. 2. Les \u00c9tats parties respectent le droit et le devoir des parents ou, le cas \u00e9ch\u00e9ant, des repr\u00e9sentants l\u00e9gaux de l&#8217;enfant, de guider celui-ci dans l&#8217;exercice du droit susmentionn\u00e9, d&#8217;une mani\u00e8re qui corresponde au d\u00e9veloppement de ses capacit\u00e9s. 3. La libert\u00e9 de manifester sa religion ou ses convictions ne peut \u00eatre soumise qu&#8217;aux seules restrictions qui sont prescrites par la loi et qui sont n\u00e9cessaires pour pr\u00e9server la suret\u00e9 publique, l&#8217;ordre public, la sant\u00e9 et la moralit\u00e9 publiques, ou les libert\u00e9s et droits fondamentaux d&#8217;autrui. \u00bb<\/span><\/p><p><span style=\"font-weight: 400;\">\u00a0<\/span><\/p><p><span style=\"font-weight: 400;\">Article 18 que \u00ab La responsabilit\u00e9 d&#8217;\u00e9lever l&#8217;enfant et d&#8217;assurer son d\u00e9veloppement incombe au premier chef aux parents ou, le cas \u00e9ch\u00e9ant, \u00e0 ses repr\u00e9sentants l\u00e9gaux. Ceux-ci doivent \u00eatre guid\u00e9s avant tout par l&#8217;int\u00e9r\u00eat sup\u00e9rieur de l&#8217;enfant. \u00bb\u00a0<\/span><\/p><p><span style=\"font-weight: 400;\">\u00a0<\/span><\/p><p><span style=\"font-weight: 400;\">Article 27 quant \u00e0 lui va plus loin et est plus pr\u00e9cis en d\u00e9finissant le d\u00e9veloppement de l\u2019enfant dont la responsabilit\u00e9 incombe au premier chef aux parents. Cet article pr\u00e9cise dans son alin\u00e9a 3 que les \u00c9tats viennent en aide aux parents dans l\u2019accomplissement de leur responsabilit\u00e9 premi\u00e8re d\u2019assurer son d\u00e9veloppement. Le r\u00f4le de l\u2019\u00c9tat et la Convention le dit clairement est d\u2019aider les parents \u00e0 accomplir leur responsabilit\u00e9 et pas le contraire<\/span><\/p><p><i><span style=\"font-weight: 400;\">\u00a0<\/span><\/i><\/p><p><i><span style=\"font-weight: 400;\">Nous consid\u00e9rons donc faire partie d\u2019 une soci\u00e9t\u00e9 o\u00f9 la libert\u00e9 religieuse est respect\u00e9e<\/span><\/i><span style=\"font-weight: 400;\">\u00a0:<\/span><\/p><p><span style=\"font-weight: 400;\">Or l\u2019id\u00e9ologie du genre s\u2019impose comme l&#8217;id\u00e9ologie que la soci\u00e9t\u00e9 n\u2019a plus le droit de remettre en question. Ceci est d\u2019autant plus alarmant que cette id\u00e9ologie bafoue notre compr\u00e9hension de l\u2019individu, de l\u2019homme et de la femme, du couple et de la famille. Elle s\u2019appuie sur le concept d\u2019une fausse d\u00e9finition de la la\u00efcit\u00e9. L\u00e0 nous tenons \u00e0 rappeler que la la\u00efcit\u00e9 est une approche pour permettre la libert\u00e9 de toutes les religions.<\/span><\/p><p>\u00a0<\/p>\t\t\t\t\t\t\t\t<\/div>\n\t\t\t\t<\/div>\n\t\t\t\t\t<\/div>\n\t\t\t\t<\/div>\n\t\t\t\t<\/div>\n\t\t","protected":false},"excerpt":{"rendered":"<p>Pr\u00e9ceptes pour personnes de conscience \u2013 revendication du droit des parents tel que d\u00e9fendus dans les chartes &#8211; base pour une demande d\u2019accommodement pour personnes de conscience T\u00e9l\u00e9charger la lettre [&hellip;]<\/p>\n","protected":false},"author":1,"featured_media":0,"parent":0,"menu_order":0,"comment_status":"closed","ping_status":"closed","template":"","meta":{"_coblocks_attr":"","_coblocks_dimensions":"","_coblocks_responsive_height":"","_coblocks_accordion_ie_support":"","footnotes":""},"class_list":["post-2635","page","type-page","status-publish","hentry"],"yoast_head":"<!-- This site is optimized with the Yoast SEO plugin v27.4 - https:\/\/yoast.com\/product\/yoast-seo-wordpress\/ -->\n<title>Pr\u00e9ceptes pour personnes de conscience - EPPNE<\/title>\n<meta name=\"robots\" content=\"index, follow, max-snippet:-1, max-image-preview:large, max-video-preview:-1\" \/>\n<link rel=\"canonical\" href=\"https:\/\/eppne.ca\/en\/preceptes-pour-personnes-de-conscience\/\" \/>\n<meta property=\"og:locale\" content=\"en_US\" \/>\n<meta property=\"og:type\" content=\"article\" \/>\n<meta property=\"og:title\" content=\"Pr\u00e9ceptes pour personnes de conscience - EPPNE\" \/>\n<meta property=\"og:description\" content=\"Pr\u00e9ceptes pour personnes de conscience \u2013 revendication du droit des parents tel que d\u00e9fendus dans les chartes &#8211; base pour une demande d\u2019accommodement pour personnes de conscience T\u00e9l\u00e9charger la lettre [&hellip;]\" \/>\n<meta property=\"og:url\" content=\"https:\/\/eppne.ca\/en\/preceptes-pour-personnes-de-conscience\/\" \/>\n<meta property=\"og:site_name\" content=\"EPPNE\" \/>\n<meta property=\"article:modified_time\" content=\"2025-04-28T19:42:23+00:00\" \/>\n<meta name=\"twitter:card\" content=\"summary_large_image\" \/>\n<meta name=\"twitter:label1\" content=\"Est. reading time\" \/>\n\t<meta name=\"twitter:data1\" content=\"3 minutes\" \/>\n<script type=\"application\/ld+json\" class=\"yoast-schema-graph\">{\"@context\":\"https:\\\/\\\/schema.org\",\"@graph\":[{\"@type\":\"WebPage\",\"@id\":\"https:\\\/\\\/eppne.ca\\\/preceptes-pour-personnes-de-conscience\\\/\",\"url\":\"https:\\\/\\\/eppne.ca\\\/preceptes-pour-personnes-de-conscience\\\/\",\"name\":\"Pr\u00e9ceptes pour personnes de conscience - EPPNE\",\"isPartOf\":{\"@id\":\"https:\\\/\\\/eppne.ca\\\/#website\"},\"datePublished\":\"2025-04-22T15:11:15+00:00\",\"dateModified\":\"2025-04-28T19:42:23+00:00\",\"breadcrumb\":{\"@id\":\"https:\\\/\\\/eppne.ca\\\/preceptes-pour-personnes-de-conscience\\\/#breadcrumb\"},\"inLanguage\":\"en-CA\",\"potentialAction\":[{\"@type\":\"ReadAction\",\"target\":[\"https:\\\/\\\/eppne.ca\\\/preceptes-pour-personnes-de-conscience\\\/\"]}]},{\"@type\":\"BreadcrumbList\",\"@id\":\"https:\\\/\\\/eppne.ca\\\/preceptes-pour-personnes-de-conscience\\\/#breadcrumb\",\"itemListElement\":[{\"@type\":\"ListItem\",\"position\":1,\"name\":\"Home\",\"item\":\"https:\\\/\\\/eppne.ca\\\/\"},{\"@type\":\"ListItem\",\"position\":2,\"name\":\"Pr\u00e9ceptes pour personnes de conscience\"}]},{\"@type\":\"WebSite\",\"@id\":\"https:\\\/\\\/eppne.ca\\\/#website\",\"url\":\"https:\\\/\\\/eppne.ca\\\/\",\"name\":\"EPPNE\",\"description\":\"Ensemble pour prot\u00e9ger nos enfants\",\"publisher\":{\"@id\":\"https:\\\/\\\/eppne.ca\\\/#organization\"},\"potentialAction\":[{\"@type\":\"SearchAction\",\"target\":{\"@type\":\"EntryPoint\",\"urlTemplate\":\"https:\\\/\\\/eppne.ca\\\/?s={search_term_string}\"},\"query-input\":{\"@type\":\"PropertyValueSpecification\",\"valueRequired\":true,\"valueName\":\"search_term_string\"}}],\"inLanguage\":\"en-CA\"},{\"@type\":\"Organization\",\"@id\":\"https:\\\/\\\/eppne.ca\\\/#organization\",\"name\":\"EPPNE\",\"url\":\"https:\\\/\\\/eppne.ca\\\/\",\"logo\":{\"@type\":\"ImageObject\",\"inLanguage\":\"en-CA\",\"@id\":\"https:\\\/\\\/eppne.ca\\\/#\\\/schema\\\/logo\\\/image\\\/\",\"url\":\"https:\\\/\\\/eppne.ca\\\/wp-content\\\/uploads\\\/2024\\\/02\\\/cropped-Enssemble-pour-proteger-nos-enfants-Logo.png\",\"contentUrl\":\"https:\\\/\\\/eppne.ca\\\/wp-content\\\/uploads\\\/2024\\\/02\\\/cropped-Enssemble-pour-proteger-nos-enfants-Logo.png\",\"width\":500,\"height\":250,\"caption\":\"EPPNE\"},\"image\":{\"@id\":\"https:\\\/\\\/eppne.ca\\\/#\\\/schema\\\/logo\\\/image\\\/\"}}]}<\/script>\n<!-- \/ Yoast SEO plugin. -->","yoast_head_json":{"title":"Pr\u00e9ceptes pour personnes de conscience - EPPNE","robots":{"index":"index","follow":"follow","max-snippet":"max-snippet:-1","max-image-preview":"max-image-preview:large","max-video-preview":"max-video-preview:-1"},"canonical":"https:\/\/eppne.ca\/en\/preceptes-pour-personnes-de-conscience\/","og_locale":"en_US","og_type":"article","og_title":"Pr\u00e9ceptes pour personnes de conscience - EPPNE","og_description":"Pr\u00e9ceptes pour personnes de conscience \u2013 revendication du droit des parents tel que d\u00e9fendus dans les chartes &#8211; base pour une demande d\u2019accommodement pour personnes de conscience T\u00e9l\u00e9charger la lettre [&hellip;]","og_url":"https:\/\/eppne.ca\/en\/preceptes-pour-personnes-de-conscience\/","og_site_name":"EPPNE","article_modified_time":"2025-04-28T19:42:23+00:00","twitter_card":"summary_large_image","twitter_misc":{"Est. reading time":"3 minutes"},"schema":{"@context":"https:\/\/schema.org","@graph":[{"@type":"WebPage","@id":"https:\/\/eppne.ca\/preceptes-pour-personnes-de-conscience\/","url":"https:\/\/eppne.ca\/preceptes-pour-personnes-de-conscience\/","name":"Pr\u00e9ceptes pour personnes de conscience - EPPNE","isPartOf":{"@id":"https:\/\/eppne.ca\/#website"},"datePublished":"2025-04-22T15:11:15+00:00","dateModified":"2025-04-28T19:42:23+00:00","breadcrumb":{"@id":"https:\/\/eppne.ca\/preceptes-pour-personnes-de-conscience\/#breadcrumb"},"inLanguage":"en-CA","potentialAction":[{"@type":"ReadAction","target":["https:\/\/eppne.ca\/preceptes-pour-personnes-de-conscience\/"]}]},{"@type":"BreadcrumbList","@id":"https:\/\/eppne.ca\/preceptes-pour-personnes-de-conscience\/#breadcrumb","itemListElement":[{"@type":"ListItem","position":1,"name":"Home","item":"https:\/\/eppne.ca\/"},{"@type":"ListItem","position":2,"name":"Pr\u00e9ceptes pour personnes de conscience"}]},{"@type":"WebSite","@id":"https:\/\/eppne.ca\/#website","url":"https:\/\/eppne.ca\/","name":"EPPNE","description":"Ensemble pour prot\u00e9ger nos enfants","publisher":{"@id":"https:\/\/eppne.ca\/#organization"},"potentialAction":[{"@type":"SearchAction","target":{"@type":"EntryPoint","urlTemplate":"https:\/\/eppne.ca\/?s={search_term_string}"},"query-input":{"@type":"PropertyValueSpecification","valueRequired":true,"valueName":"search_term_string"}}],"inLanguage":"en-CA"},{"@type":"Organization","@id":"https:\/\/eppne.ca\/#organization","name":"EPPNE","url":"https:\/\/eppne.ca\/","logo":{"@type":"ImageObject","inLanguage":"en-CA","@id":"https:\/\/eppne.ca\/#\/schema\/logo\/image\/","url":"https:\/\/eppne.ca\/wp-content\/uploads\/2024\/02\/cropped-Enssemble-pour-proteger-nos-enfants-Logo.png","contentUrl":"https:\/\/eppne.ca\/wp-content\/uploads\/2024\/02\/cropped-Enssemble-pour-proteger-nos-enfants-Logo.png","width":500,"height":250,"caption":"EPPNE"},"image":{"@id":"https:\/\/eppne.ca\/#\/schema\/logo\/image\/"}}]}},"_links":{"self":[{"href":"https:\/\/eppne.ca\/en\/wp-json\/wp\/v2\/pages\/2635","targetHints":{"allow":["GET"]}}],"collection":[{"href":"https:\/\/eppne.ca\/en\/wp-json\/wp\/v2\/pages"}],"about":[{"href":"https:\/\/eppne.ca\/en\/wp-json\/wp\/v2\/types\/page"}],"author":[{"embeddable":true,"href":"https:\/\/eppne.ca\/en\/wp-json\/wp\/v2\/users\/1"}],"replies":[{"embeddable":true,"href":"https:\/\/eppne.ca\/en\/wp-json\/wp\/v2\/comments?post=2635"}],"version-history":[{"count":13,"href":"https:\/\/eppne.ca\/en\/wp-json\/wp\/v2\/pages\/2635\/revisions"}],"predecessor-version":[{"id":2696,"href":"https:\/\/eppne.ca\/en\/wp-json\/wp\/v2\/pages\/2635\/revisions\/2696"}],"wp:attachment":[{"href":"https:\/\/eppne.ca\/en\/wp-json\/wp\/v2\/media?parent=2635"}],"curies":[{"name":"wp","href":"https:\/\/api.w.org\/{rel}","templated":true}]}}