{"id":2455,"date":"2025-02-04T21:55:46","date_gmt":"2025-02-04T21:55:46","guid":{"rendered":"https:\/\/eppne.ca\/?page_id=2455"},"modified":"2025-07-14T22:36:58","modified_gmt":"2025-07-14T22:36:58","slug":"telechargement","status":"publish","type":"page","link":"https:\/\/eppne.ca\/en\/telechargement\/","title":{"rendered":"Download"},"content":{"rendered":"<div data-elementor-type=\"wp-page\" data-elementor-id=\"2455\" class=\"elementor elementor-2455\" data-elementor-post-type=\"page\">\n\t\t\t\t<div class=\"elementor-element elementor-element-c865416 e-flex e-con-boxed e-con e-parent\" data-id=\"c865416\" data-element_type=\"container\" data-e-type=\"container\">\n\t\t\t\t\t<div class=\"e-con-inner\">\n\t\t\t\t<div class=\"elementor-element elementor-element-13723ae elementor-widget elementor-widget-whitehall_recent_documents_v1\" data-id=\"13723ae\" data-element_type=\"widget\" data-e-type=\"widget\" data-widget_type=\"whitehall_recent_documents_v1.default\">\n\t\t\t\t<div class=\"elementor-widget-container\">\n\t\t\t\t\t        \n        <!-- explore-banner -->\n        <div class=\"explore-banner bg-color-1\">\n            <div class=\"auto-container\">\n                <div class=\"inner-container clearfix\">\n                    <div class=\"single-item\">\n                        <div class=\"title-box\">\n                            <h3>Download<\/h3>\n                            <p>Be aware of your rights<\/p>\n                        <\/div>\n                    <\/div>\n\t\t\t\t\t\n\t\t\t\t\t                    <div class=\"single-item\">\n                        <div class=\"inner-box\">\n                            <figure class=\"icon-box\"><img decoding=\"async\" src=\"https:\/\/eppne.ca\/wp-content\/uploads\/2021\/05\/icon-1.png\" alt=\"Icon Image\"><\/figure>\n                            <h4>Universal Declaration of Human Rights<br \/><br \/><\/h4>\n                            <p><a href=\"http:\/\/www.ohchr.org\/EN\/UDHR\/Documents\/UDHR_Translations\/frn.pdf\">Download the document<\/a><\/p>\n                        <\/div>\n                    <\/div>\n                                        <div class=\"single-item\">\n                        <div class=\"inner-box\">\n                            <figure class=\"icon-box\"><img decoding=\"async\" src=\"https:\/\/eppne.ca\/wp-content\/uploads\/2021\/05\/icon-1.png\" alt=\"Icon Image\"><\/figure>\n                            <h4>Rationale: Let&#039;s put an end to the indoctrination of our children with gender ideology<\/h4>\n                            <p><a href=\"http:\/\/eppne.ca\/wp-content\/uploads\/2024\/09\/presentation-CdS_version-longue_240429.pdf\">Download the document<\/a><\/p>\n                        <\/div>\n                    <\/div>\n                                        <div class=\"single-item\">\n                        <div class=\"inner-box\">\n                            <figure class=\"icon-box\"><img decoding=\"async\" src=\"https:\/\/eppne.ca\/wp-content\/uploads\/2021\/05\/icon-2.png\" alt=\"Icon Image\"><\/figure>\n                            <h4>Press release September 20, 2024<\/h4>\n                            <p><a href=\"http:\/\/eppne.ca\/wp-content\/uploads\/2024\/09\/communique-de-pressse-240920.docx\">Download the document<\/a><\/p>\n                        <\/div>\n                    <\/div>\n                                        <div class=\"single-item\">\n                        <div class=\"inner-box\">\n                            <figure class=\"icon-box\"><img decoding=\"async\" src=\"https:\/\/eppne.ca\/wp-content\/uploads\/2021\/05\/icon-1.png\" alt=\"Icon Image\"><\/figure>\n                            <h4>Request for accommodation<\/h4>\n                            <p><a href=\"http:\/\/eppne.ca\/wp-content\/uploads\/2024\/11\/Formulaire_de_demande_daccommodement.pdf\">Download the document<\/a><\/p>\n                        <\/div>\n                    <\/div>\n                                        <div class=\"single-item\">\n                        <div class=\"inner-box\">\n                            <figure class=\"icon-box\"><img decoding=\"async\" src=\"https:\/\/eppne.ca\/wp-content\/uploads\/2021\/05\/icon-1.png\" alt=\"Icon Image\"><\/figure>\n                            <h4>Quebec Charter of Human Rights and Freedoms<\/h4>\n                            <p><a href=\"https:\/\/www.legisquebec.gouv.qc.ca\/fr\/pdf\/lc\/C-12.pdf\">Download the document<\/a><\/p>\n                        <\/div>\n                    <\/div>\n                                        <div class=\"single-item\">\n                        <div class=\"inner-box\">\n                            <figure class=\"icon-box\"><img decoding=\"async\" src=\"https:\/\/eppne.ca\/wp-content\/uploads\/2021\/05\/icon-1.png\" alt=\"Icon Image\"><\/figure>\n                            <h4>Call to parents<\/h4>\n                            <p><a href=\"http:\/\/eppne.ca\/wp-content\/uploads\/2024\/11\/Appel-aux-parents.pdf\">Download the document<\/a><\/p>\n                        <\/div>\n                    <\/div>\n                                        <div class=\"single-item\">\n                        <div class=\"inner-box\">\n                            <figure class=\"icon-box\"><img decoding=\"async\" src=\"https:\/\/eppne.ca\/wp-content\/uploads\/2021\/05\/icon-2.png\" alt=\"Icon Image\"><\/figure>\n                            <h4>Letter to the Member of Parliament - English<\/h4>\n                            <p><a href=\"http:\/\/eppne.ca\/wp-content\/uploads\/2025\/05\/Lettre_au_depute_English.docx\">Download the document<\/a><\/p>\n                        <\/div>\n                    <\/div>\n                                        <div class=\"single-item\">\n                        <div class=\"inner-box\">\n                            <figure class=\"icon-box\"><img decoding=\"async\" src=\"https:\/\/eppne.ca\/wp-content\/uploads\/2021\/05\/icon-2.png\" alt=\"Icon Image\"><\/figure>\n                            <h4>Reply to the report of the Committee of Wise Men on Gender Identity<\/h4>\n                            <p><a href=\"http:\/\/eppne.ca\/wp-content\/uploads\/2025\/06\/Replique-au-rapport-du-Comite-de-sages-sur-lidentite-de-genre.pdf\">Download the document<\/a><\/p>\n                        <\/div>\n                    <\/div>\n                                        <div class=\"single-item\">\n                        <div class=\"inner-box\">\n                            <figure class=\"icon-box\"><img decoding=\"async\" src=\"https:\/\/eppne.ca\/wp-content\/uploads\/2021\/05\/icon-2.png\" alt=\"Icon Image\"><\/figure>\n                            <h4>Letter to the Member of Parliament - French<\/h4>\n                            <p><a href=\"http:\/\/eppne.ca\/wp-content\/uploads\/2025\/04\/Lettre_au_depute.doc\">Download the document<\/a><\/p>\n                        <\/div>\n                    <\/div>\n                                        <div class=\"single-item\">\n                        <div class=\"inner-box\">\n                            <figure class=\"icon-box\"><img decoding=\"async\" src=\"https:\/\/eppne.ca\/wp-content\/uploads\/2021\/05\/icon-2.png\" alt=\"Icon Image\"><\/figure>\n                            <h4>Critical analysis of EPPNE<\/h4>\n                            <p><a href=\"http:\/\/eppne.ca\/wp-content\/uploads\/2025\/06\/Analyse_Critique_du_Rapport.pdf\">Download the document<\/a><\/p>\n                        <\/div>\n                    <\/div>\n                                        <div class=\"single-item\">\n                        <div class=\"inner-box\">\n                            <figure class=\"icon-box\"><img decoding=\"async\" src=\"https:\/\/eppne.ca\/wp-content\/uploads\/2021\/05\/icon-1.png\" alt=\"Icon Image\"><\/figure>\n                            <h4>Submission of the accommodation request<\/h4>\n                            <p><a href=\"http:\/\/eppne.ca\/wp-content\/uploads\/2025\/06\/Presentation_de_la_demande_accommodement_v1.pdf\">Download the document<\/a><\/p>\n                        <\/div>\n                    <\/div>\n                                    <\/div>\n            <\/div>\n        <\/div>\n        <!-- explore-banner end -->\n\n        \t\t\t\t<\/div>\n\t\t\t\t<\/div>\n\t\t\t\t\t<\/div>\n\t\t\t\t<\/div>\n\t\t\t\t<\/div>","protected":false},"excerpt":{"rendered":"<p>T\u00e9l\u00e9chargement Prenez conscience de vos droits D\u00e9claration universelle des droits de l&#8217;homme T\u00e9l\u00e9charger le document Argumentaire : Mettons fin \u00e0 l&#8217;endoctrinement de nos enfants par l&#8217;id\u00e9ologie du genre T\u00e9l\u00e9charger le [&hellip;]<\/p>\n","protected":false},"author":1,"featured_media":0,"parent":0,"menu_order":0,"comment_status":"closed","ping_status":"closed","template":"","meta":{"_coblocks_attr":"","_coblocks_dimensions":"","_coblocks_responsive_height":"","_coblocks_accordion_ie_support":"","footnotes":""},"class_list":["post-2455","page","type-page","status-publish","hentry"],"yoast_head":"<!-- This site is optimized with the Yoast SEO plugin v27.4 - https:\/\/yoast.com\/product\/yoast-seo-wordpress\/ -->\n<title>T\u00e9l\u00e9chargement - EPPNE<\/title>\n<meta name=\"robots\" content=\"index, follow, max-snippet:-1, max-image-preview:large, max-video-preview:-1\" \/>\n<link rel=\"canonical\" href=\"https:\/\/eppne.ca\/en\/telechargement\/\" \/>\n<meta property=\"og:locale\" content=\"en_US\" \/>\n<meta property=\"og:type\" content=\"article\" \/>\n<meta property=\"og:title\" content=\"T\u00e9l\u00e9chargement - EPPNE\" \/>\n<meta property=\"og:description\" content=\"T\u00e9l\u00e9chargement Prenez conscience de vos droits D\u00e9claration universelle des droits de l&#8217;homme T\u00e9l\u00e9charger le document Argumentaire : Mettons fin \u00e0 l&#8217;endoctrinement de nos enfants par l&#8217;id\u00e9ologie du genre T\u00e9l\u00e9charger le [&hellip;]\" \/>\n<meta property=\"og:url\" content=\"https:\/\/eppne.ca\/en\/telechargement\/\" \/>\n<meta property=\"og:site_name\" content=\"EPPNE\" \/>\n<meta property=\"article:modified_time\" content=\"2025-07-14T22:36:58+00:00\" \/>\n<meta property=\"og:image\" content=\"http:\/\/eppne.ca\/wp-content\/uploads\/2021\/05\/icon-1.png\" \/>\n<meta name=\"twitter:card\" content=\"summary_large_image\" \/>\n<meta name=\"twitter:label1\" content=\"Est. reading time\" \/>\n\t<meta name=\"twitter:data1\" content=\"3 minutes\" \/>\n<script type=\"application\/ld+json\" class=\"yoast-schema-graph\">{\"@context\":\"https:\\\/\\\/schema.org\",\"@graph\":[{\"@type\":\"WebPage\",\"@id\":\"https:\\\/\\\/eppne.ca\\\/en\\\/telechargement\\\/\",\"url\":\"https:\\\/\\\/eppne.ca\\\/en\\\/telechargement\\\/\",\"name\":\"T\u00e9l\u00e9chargement - EPPNE\",\"isPartOf\":{\"@id\":\"https:\\\/\\\/eppne.ca\\\/#website\"},\"primaryImageOfPage\":{\"@id\":\"https:\\\/\\\/eppne.ca\\\/en\\\/telechargement\\\/#primaryimage\"},\"image\":{\"@id\":\"https:\\\/\\\/eppne.ca\\\/en\\\/telechargement\\\/#primaryimage\"},\"thumbnailUrl\":\"http:\\\/\\\/eppne.ca\\\/wp-content\\\/uploads\\\/2021\\\/05\\\/icon-1.png\",\"datePublished\":\"2025-02-04T21:55:46+00:00\",\"dateModified\":\"2025-07-14T22:36:58+00:00\",\"breadcrumb\":{\"@id\":\"https:\\\/\\\/eppne.ca\\\/en\\\/telechargement\\\/#breadcrumb\"},\"inLanguage\":\"en-CA\",\"potentialAction\":[{\"@type\":\"ReadAction\",\"target\":[\"https:\\\/\\\/eppne.ca\\\/en\\\/telechargement\\\/\"]}]},{\"@type\":\"ImageObject\",\"inLanguage\":\"en-CA\",\"@id\":\"https:\\\/\\\/eppne.ca\\\/en\\\/telechargement\\\/#primaryimage\",\"url\":\"http:\\\/\\\/eppne.ca\\\/wp-content\\\/uploads\\\/2021\\\/05\\\/icon-1.png\",\"contentUrl\":\"http:\\\/\\\/eppne.ca\\\/wp-content\\\/uploads\\\/2021\\\/05\\\/icon-1.png\"},{\"@type\":\"BreadcrumbList\",\"@id\":\"https:\\\/\\\/eppne.ca\\\/en\\\/telechargement\\\/#breadcrumb\",\"itemListElement\":[{\"@type\":\"ListItem\",\"position\":1,\"name\":\"Home\",\"item\":\"https:\\\/\\\/eppne.ca\\\/\"},{\"@type\":\"ListItem\",\"position\":2,\"name\":\"T\u00e9l\u00e9chargement\"}]},{\"@type\":\"WebSite\",\"@id\":\"https:\\\/\\\/eppne.ca\\\/#website\",\"url\":\"https:\\\/\\\/eppne.ca\\\/\",\"name\":\"EPPNE\",\"description\":\"Ensemble pour prot\u00e9ger nos enfants\",\"publisher\":{\"@id\":\"https:\\\/\\\/eppne.ca\\\/#organization\"},\"potentialAction\":[{\"@type\":\"SearchAction\",\"target\":{\"@type\":\"EntryPoint\",\"urlTemplate\":\"https:\\\/\\\/eppne.ca\\\/?s={search_term_string}\"},\"query-input\":{\"@type\":\"PropertyValueSpecification\",\"valueRequired\":true,\"valueName\":\"search_term_string\"}}],\"inLanguage\":\"en-CA\"},{\"@type\":\"Organization\",\"@id\":\"https:\\\/\\\/eppne.ca\\\/#organization\",\"name\":\"EPPNE\",\"url\":\"https:\\\/\\\/eppne.ca\\\/\",\"logo\":{\"@type\":\"ImageObject\",\"inLanguage\":\"en-CA\",\"@id\":\"https:\\\/\\\/eppne.ca\\\/#\\\/schema\\\/logo\\\/image\\\/\",\"url\":\"https:\\\/\\\/eppne.ca\\\/wp-content\\\/uploads\\\/2024\\\/02\\\/cropped-Enssemble-pour-proteger-nos-enfants-Logo.png\",\"contentUrl\":\"https:\\\/\\\/eppne.ca\\\/wp-content\\\/uploads\\\/2024\\\/02\\\/cropped-Enssemble-pour-proteger-nos-enfants-Logo.png\",\"width\":500,\"height\":250,\"caption\":\"EPPNE\"},\"image\":{\"@id\":\"https:\\\/\\\/eppne.ca\\\/#\\\/schema\\\/logo\\\/image\\\/\"}}]}<\/script>\n<!-- \/ Yoast SEO plugin. -->","yoast_head_json":{"title":"T\u00e9l\u00e9chargement - EPPNE","robots":{"index":"index","follow":"follow","max-snippet":"max-snippet:-1","max-image-preview":"max-image-preview:large","max-video-preview":"max-video-preview:-1"},"canonical":"https:\/\/eppne.ca\/en\/telechargement\/","og_locale":"en_US","og_type":"article","og_title":"T\u00e9l\u00e9chargement - EPPNE","og_description":"T\u00e9l\u00e9chargement Prenez conscience de vos droits D\u00e9claration universelle des droits de l&#8217;homme T\u00e9l\u00e9charger le document Argumentaire : Mettons fin \u00e0 l&#8217;endoctrinement de nos enfants par l&#8217;id\u00e9ologie du genre T\u00e9l\u00e9charger le [&hellip;]","og_url":"https:\/\/eppne.ca\/en\/telechargement\/","og_site_name":"EPPNE","article_modified_time":"2025-07-14T22:36:58+00:00","og_image":[{"url":"http:\/\/eppne.ca\/wp-content\/uploads\/2021\/05\/icon-1.png","type":"","width":"","height":""}],"twitter_card":"summary_large_image","twitter_misc":{"Est. reading time":"3 minutes"},"schema":{"@context":"https:\/\/schema.org","@graph":[{"@type":"WebPage","@id":"https:\/\/eppne.ca\/en\/telechargement\/","url":"https:\/\/eppne.ca\/en\/telechargement\/","name":"T\u00e9l\u00e9chargement - EPPNE","isPartOf":{"@id":"https:\/\/eppne.ca\/#website"},"primaryImageOfPage":{"@id":"https:\/\/eppne.ca\/en\/telechargement\/#primaryimage"},"image":{"@id":"https:\/\/eppne.ca\/en\/telechargement\/#primaryimage"},"thumbnailUrl":"http:\/\/eppne.ca\/wp-content\/uploads\/2021\/05\/icon-1.png","datePublished":"2025-02-04T21:55:46+00:00","dateModified":"2025-07-14T22:36:58+00:00","breadcrumb":{"@id":"https:\/\/eppne.ca\/en\/telechargement\/#breadcrumb"},"inLanguage":"en-CA","potentialAction":[{"@type":"ReadAction","target":["https:\/\/eppne.ca\/en\/telechargement\/"]}]},{"@type":"ImageObject","inLanguage":"en-CA","@id":"https:\/\/eppne.ca\/en\/telechargement\/#primaryimage","url":"http:\/\/eppne.ca\/wp-content\/uploads\/2021\/05\/icon-1.png","contentUrl":"http:\/\/eppne.ca\/wp-content\/uploads\/2021\/05\/icon-1.png"},{"@type":"BreadcrumbList","@id":"https:\/\/eppne.ca\/en\/telechargement\/#breadcrumb","itemListElement":[{"@type":"ListItem","position":1,"name":"Home","item":"https:\/\/eppne.ca\/"},{"@type":"ListItem","position":2,"name":"T\u00e9l\u00e9chargement"}]},{"@type":"WebSite","@id":"https:\/\/eppne.ca\/#website","url":"https:\/\/eppne.ca\/","name":"EPPNE","description":"Ensemble pour prot\u00e9ger nos enfants","publisher":{"@id":"https:\/\/eppne.ca\/#organization"},"potentialAction":[{"@type":"SearchAction","target":{"@type":"EntryPoint","urlTemplate":"https:\/\/eppne.ca\/?s={search_term_string}"},"query-input":{"@type":"PropertyValueSpecification","valueRequired":true,"valueName":"search_term_string"}}],"inLanguage":"en-CA"},{"@type":"Organization","@id":"https:\/\/eppne.ca\/#organization","name":"EPPNE","url":"https:\/\/eppne.ca\/","logo":{"@type":"ImageObject","inLanguage":"en-CA","@id":"https:\/\/eppne.ca\/#\/schema\/logo\/image\/","url":"https:\/\/eppne.ca\/wp-content\/uploads\/2024\/02\/cropped-Enssemble-pour-proteger-nos-enfants-Logo.png","contentUrl":"https:\/\/eppne.ca\/wp-content\/uploads\/2024\/02\/cropped-Enssemble-pour-proteger-nos-enfants-Logo.png","width":500,"height":250,"caption":"EPPNE"},"image":{"@id":"https:\/\/eppne.ca\/#\/schema\/logo\/image\/"}}]}},"_links":{"self":[{"href":"https:\/\/eppne.ca\/en\/wp-json\/wp\/v2\/pages\/2455","targetHints":{"allow":["GET"]}}],"collection":[{"href":"https:\/\/eppne.ca\/en\/wp-json\/wp\/v2\/pages"}],"about":[{"href":"https:\/\/eppne.ca\/en\/wp-json\/wp\/v2\/types\/page"}],"author":[{"embeddable":true,"href":"https:\/\/eppne.ca\/en\/wp-json\/wp\/v2\/users\/1"}],"replies":[{"embeddable":true,"href":"https:\/\/eppne.ca\/en\/wp-json\/wp\/v2\/comments?post=2455"}],"version-history":[{"count":44,"href":"https:\/\/eppne.ca\/en\/wp-json\/wp\/v2\/pages\/2455\/revisions"}],"predecessor-version":[{"id":2771,"href":"https:\/\/eppne.ca\/en\/wp-json\/wp\/v2\/pages\/2455\/revisions\/2771"}],"wp:attachment":[{"href":"https:\/\/eppne.ca\/en\/wp-json\/wp\/v2\/media?parent=2455"}],"curies":[{"name":"wp","href":"https:\/\/api.w.org\/{rel}","templated":true}]}}