{"id":1724,"date":"2024-03-21T12:28:45","date_gmt":"2024-03-21T12:28:45","guid":{"rendered":"https:\/\/eppne.radca.ca\/?page_id=1724"},"modified":"2025-12-20T15:34:58","modified_gmt":"2025-12-20T15:34:58","slug":"formulaire-dadhesion","status":"publish","type":"page","link":"https:\/\/eppne.ca\/en\/formulaire-dadhesion\/","title":{"rendered":"Membership Form"},"content":{"rendered":"\t\t<div data-elementor-type=\"wp-page\" data-elementor-id=\"1724\" class=\"elementor elementor-1724\" data-elementor-post-type=\"page\">\n\t\t\t\t<div class=\"elementor-element elementor-element-7a3ad55 e-flex e-con-boxed e-con e-parent\" data-id=\"7a3ad55\" data-element_type=\"container\" data-e-type=\"container\">\n\t\t\t\t\t<div class=\"e-con-inner\">\n\t\t\t\t<div class=\"elementor-element elementor-element-d06ca55 elementor-widget elementor-widget-heading\" data-id=\"d06ca55\" data-element_type=\"widget\" data-e-type=\"widget\" data-widget_type=\"heading.default\">\n\t\t\t\t<div class=\"elementor-widget-container\">\n\t\t\t\t\t<h2 class=\"elementor-heading-title elementor-size-default\">Formulaire d'adh\u00e9sion<\/h2>\t\t\t\t<\/div>\n\t\t\t\t<\/div>\n\t\t\t\t\t<\/div>\n\t\t\t\t<\/div>\n\t\t<div class=\"elementor-element elementor-element-a4705c3 e-flex e-con-boxed e-con e-parent\" data-id=\"a4705c3\" data-element_type=\"container\" data-e-type=\"container\">\n\t\t\t\t\t<div class=\"e-con-inner\">\n\t\t\t\t<div class=\"elementor-element elementor-element-ea09496 list_bullet elementor-widget elementor-widget-text-editor\" data-id=\"ea09496\" data-element_type=\"widget\" data-e-type=\"widget\" data-widget_type=\"text-editor.default\">\n\t\t\t\t<div class=\"elementor-widget-container\">\n\t\t\t\t\t\t\t\t\t<p>Peut \u00eatre membre toute personne physique int\u00e9ress\u00e9e par les buts et activit\u00e9s de l\u2019organisme et qui r\u00e9pond aux crit\u00e8res suivants\u00a0:<\/p>\t\t\t\t\t\t\t\t<\/div>\n\t\t\t\t<\/div>\n\t\t\t\t<div class=\"elementor-element elementor-element-a6f93cc elementor-icon-list--layout-traditional elementor-list-item-link-full_width elementor-widget elementor-widget-icon-list\" data-id=\"a6f93cc\" data-element_type=\"widget\" data-e-type=\"widget\" data-widget_type=\"icon-list.default\">\n\t\t\t\t<div class=\"elementor-widget-container\">\n\t\t\t\t\t\t\t<ul class=\"elementor-icon-list-items\">\n\t\t\t\t\t\t\t<li class=\"elementor-icon-list-item\">\n\t\t\t\t\t\t\t\t\t\t\t<span class=\"elementor-icon-list-icon\">\n\t\t\t\t\t\t\t<svg aria-hidden=\"true\" class=\"e-font-icon-svg e-fas-check-circle\" viewBox=\"0 0 512 512\" xmlns=\"http:\/\/www.w3.org\/2000\/svg\"><path d=\"M504 256c0 136.967-111.033 248-248 248S8 392.967 8 256 119.033 8 256 8s248 111.033 248 248zM227.314 387.314l184-184c6.248-6.248 6.248-16.379 0-22.627l-22.627-22.627c-6.248-6.249-16.379-6.249-22.628 0L216 308.118l-70.059-70.059c-6.248-6.248-16.379-6.248-22.628 0l-22.627 22.627c-6.248 6.248-6.248 16.379 0 22.627l104 104c6.249 6.249 16.379 6.249 22.628.001z\"><\/path><\/svg>\t\t\t\t\t\t<\/span>\n\t\t\t\t\t\t\t\t\t\t<span class=\"elementor-icon-list-text\">\u00eatre \u00e2g\u00e9e de18 ans ou plus<\/span>\n\t\t\t\t\t\t\t\t\t<\/li>\n\t\t\t\t\t\t\t\t<li class=\"elementor-icon-list-item\">\n\t\t\t\t\t\t\t\t\t\t\t<span class=\"elementor-icon-list-icon\">\n\t\t\t\t\t\t\t<svg aria-hidden=\"true\" class=\"e-font-icon-svg e-fas-check-circle\" viewBox=\"0 0 512 512\" xmlns=\"http:\/\/www.w3.org\/2000\/svg\"><path d=\"M504 256c0 136.967-111.033 248-248 248S8 392.967 8 256 119.033 8 256 8s248 111.033 248 248zM227.314 387.314l184-184c6.248-6.248 6.248-16.379 0-22.627l-22.627-22.627c-6.248-6.249-16.379-6.249-22.628 0L216 308.118l-70.059-70.059c-6.248-6.248-16.379-6.248-22.628 0l-22.627 22.627c-6.248 6.248-6.248 16.379 0 22.627l104 104c6.249 6.249 16.379 6.249 22.628.001z\"><\/path><\/svg>\t\t\t\t\t\t<\/span>\n\t\t\t\t\t\t\t\t\t\t<span class=\"elementor-icon-list-text\">\u00eatre pr\u00e9f\u00e9rablement r\u00e9sidente du Qu\u00e9bec<\/span>\n\t\t\t\t\t\t\t\t\t<\/li>\n\t\t\t\t\t\t\t\t<li class=\"elementor-icon-list-item\">\n\t\t\t\t\t\t\t\t\t\t\t<span class=\"elementor-icon-list-icon\">\n\t\t\t\t\t\t\t<svg aria-hidden=\"true\" class=\"e-font-icon-svg e-fas-check-circle\" viewBox=\"0 0 512 512\" xmlns=\"http:\/\/www.w3.org\/2000\/svg\"><path d=\"M504 256c0 136.967-111.033 248-248 248S8 392.967 8 256 119.033 8 256 8s248 111.033 248 248zM227.314 387.314l184-184c6.248-6.248 6.248-16.379 0-22.627l-22.627-22.627c-6.248-6.249-16.379-6.249-22.628 0L216 308.118l-70.059-70.059c-6.248-6.248-16.379-6.248-22.628 0l-22.627 22.627c-6.248 6.248-6.248 16.379 0 22.627l104 104c6.249 6.249 16.379 6.249 22.628.001z\"><\/path><\/svg>\t\t\t\t\t\t<\/span>\n\t\t\t\t\t\t\t\t\t\t<span class=\"elementor-icon-list-text\">accepter d\u2019\u0153uvrer et de travailler gratuitement \u00e0 la poursuite des buts de l\u2019organisme<\/span>\n\t\t\t\t\t\t\t\t\t<\/li>\n\t\t\t\t\t\t<\/ul>\n\t\t\t\t\t\t<\/div>\n\t\t\t\t<\/div>\n\t\t\t\t<div class=\"elementor-element elementor-element-fa0ac72 list_bullet elementor-widget elementor-widget-text-editor\" data-id=\"fa0ac72\" data-element_type=\"widget\" data-e-type=\"widget\" data-widget_type=\"text-editor.default\">\n\t\t\t\t<div class=\"elementor-widget-container\">\n\t\t\t\t\t\t\t\t\t<p>Les membres seront invit\u00e9s \u00e0 participer \u00e0 toutes les activit\u00e9s de l\u2019organisme; ils recevront les avis de convocation aux assembl\u00e9es des membres et auront le droit de vote lors de ces assembl\u00e9es.<\/p>\t\t\t\t\t\t\t\t<\/div>\n\t\t\t\t<\/div>\n\t\t\t\t\t<\/div>\n\t\t\t\t<\/div>\n\t\t<div class=\"elementor-element elementor-element-7bd68dc e-flex e-con-boxed e-con e-parent\" data-id=\"7bd68dc\" data-element_type=\"container\" data-e-type=\"container\">\n\t\t\t\t\t<div class=\"e-con-inner\">\n\t\t\t\t<div class=\"elementor-element elementor-element-bd297d6 list_bullet elementor-button-align-stretch elementor-widget elementor-widget-form\" data-id=\"bd297d6\" data-element_type=\"widget\" data-e-type=\"widget\" data-settings=\"{&quot;step_next_label&quot;:&quot;Suivant&quot;,&quot;step_previous_label&quot;:&quot;Pr\\u00e9c\\u00e9dent&quot;,&quot;button_width&quot;:&quot;100&quot;,&quot;step_type&quot;:&quot;number_text&quot;,&quot;step_icon_shape&quot;:&quot;circle&quot;}\" data-widget_type=\"form.default\">\n\t\t\t\t<div class=\"elementor-widget-container\">\n\t\t\t\t\t\t\t<form class=\"elementor-form\" method=\"post\" id=\"paiement_adhesion\" name=\"Adh\u00e9sion\" aria-label=\"Adh\u00e9sion\">\n\t\t\t<input type=\"hidden\" name=\"post_id\" value=\"1724\"\/>\n\t\t\t<input type=\"hidden\" name=\"form_id\" value=\"bd297d6\"\/>\n\t\t\t<input type=\"hidden\" name=\"referer_title\" value=\"Formulaire d&#039;adh\u00e9sion - EPPNE\" \/>\n\n\t\t\t\t\t\t\t<input type=\"hidden\" name=\"queried_id\" value=\"1724\"\/>\n\t\t\t\n\t\t\t<div class=\"elementor-form-fields-wrapper elementor-labels-above\">\n\t\t\t\t\t\t\t\t<div class=\"elementor-field-type-text elementor-field-group elementor-column elementor-field-group-name elementor-col-50\">\n\t\t\t\t\t\t\t\t\t\t\t\t<label for=\"form-field-name\" class=\"elementor-field-label\">\n\t\t\t\t\t\t\t\tNom\t\t\t\t\t\t\t<\/label>\n\t\t\t\t\t\t\t\t\t\t\t\t\t\t<input size=\"1\" type=\"text\" name=\"form_fields[name]\" id=\"form-field-name\" class=\"elementor-field elementor-size-sm  elementor-field-textual\" placeholder=\"Nom\">\n\t\t\t\t\t\t\t\t\t\t\t<\/div>\n\t\t\t\t\t\t\t\t<div class=\"elementor-field-type-text elementor-field-group elementor-column elementor-field-group-field_9724869 elementor-col-50 elementor-field-required elementor-mark-required\">\n\t\t\t\t\t\t\t\t\t\t\t\t<label for=\"form-field-field_9724869\" class=\"elementor-field-label\">\n\t\t\t\t\t\t\t\tPr\u00e9nom\t\t\t\t\t\t\t<\/label>\n\t\t\t\t\t\t\t\t\t\t\t\t\t\t<input size=\"1\" type=\"text\" name=\"form_fields[field_9724869]\" id=\"form-field-field_9724869\" class=\"elementor-field elementor-size-sm  elementor-field-textual\" placeholder=\"Pr\u00e9nom\" required=\"required\">\n\t\t\t\t\t\t\t\t\t\t\t<\/div>\n\t\t\t\t\t\t\t\t<div class=\"elementor-field-type-text elementor-field-group elementor-column elementor-field-group-field_3a15e22 elementor-col-50 elementor-field-required elementor-mark-required\">\n\t\t\t\t\t\t\t\t\t\t\t\t<label for=\"form-field-field_3a15e22\" class=\"elementor-field-label\">\n\t\t\t\t\t\t\t\tCode postal\t\t\t\t\t\t\t<\/label>\n\t\t\t\t\t\t\t\t\t\t\t\t\t\t<input size=\"1\" type=\"text\" name=\"form_fields[field_3a15e22]\" id=\"form-field-field_3a15e22\" class=\"elementor-field elementor-size-sm  elementor-field-textual\" placeholder=\"Code postal\" required=\"required\">\n\t\t\t\t\t\t\t\t\t\t\t<\/div>\n\t\t\t\t\t\t\t\t<div class=\"elementor-field-type-text elementor-field-group elementor-column elementor-field-group-email elementor-col-50 elementor-field-required elementor-mark-required\">\n\t\t\t\t\t\t\t\t\t\t\t\t<label for=\"form-field-email\" class=\"elementor-field-label\">\n\t\t\t\t\t\t\t\tT\u00e9l\t\t\t\t\t\t\t<\/label>\n\t\t\t\t\t\t\t\t\t\t\t\t\t\t<input size=\"1\" type=\"text\" name=\"form_fields[email]\" id=\"form-field-email\" class=\"elementor-field elementor-size-sm  elementor-field-textual\" placeholder=\"T\u00e9l\" required=\"required\">\n\t\t\t\t\t\t\t\t\t\t\t<\/div>\n\t\t\t\t\t\t\t\t<div class=\"elementor-field-type-email elementor-field-group elementor-column elementor-field-group-field_46478cd elementor-col-50 elementor-field-required elementor-mark-required\">\n\t\t\t\t\t\t\t\t\t\t\t\t<label for=\"form-field-field_46478cd\" class=\"elementor-field-label\">\n\t\t\t\t\t\t\t\tCourriel\t\t\t\t\t\t\t<\/label>\n\t\t\t\t\t\t\t\t\t\t\t\t\t\t<input size=\"1\" type=\"email\" name=\"form_fields[field_46478cd]\" id=\"form-field-field_46478cd\" class=\"elementor-field elementor-size-sm  elementor-field-textual\" placeholder=\"Courriel\" required=\"required\">\n\t\t\t\t\t\t\t\t\t\t\t<\/div>\n\t\t\t\t\t\t\t\t<div class=\"elementor-field-type-radio elementor-field-group elementor-column elementor-field-group-field_e7a1f2f elementor-col-100 elementor-field-required elementor-mark-required\">\n\t\t\t\t\t\t\t\t\t\t\t\t<label for=\"form-field-field_e7a1f2f\" class=\"elementor-field-label\">\n\t\t\t\t\t\t\t\tMembre\t\t\t\t\t\t\t<\/label>\n\t\t\t\t\t\t<div class=\"elementor-field-subgroup  elementor-subgroup-inline\"><span class=\"elementor-field-option\"><input type=\"radio\" value=\"Actif*\" id=\"form-field-field_e7a1f2f-0\" name=\"form_fields[field_e7a1f2f]\" required=\"required\"> <label for=\"form-field-field_e7a1f2f-0\">Actif*<\/label><\/span><span class=\"elementor-field-option\"><input type=\"radio\" value=\"R\u00e9gulier\" id=\"form-field-field_e7a1f2f-1\" name=\"form_fields[field_e7a1f2f]\" required=\"required\"> <label for=\"form-field-field_e7a1f2f-1\">R\u00e9gulier<\/label><\/span><\/div>\t\t\t\t<\/div>\n\t\t\t\t\t\t\t\t<div class=\"elementor-field-type-text elementor-field-group elementor-column elementor-field-group-field_9b590a6 elementor-col-100\">\n\t\t\t\t\t\t\t\t\t\t\t\t<label for=\"form-field-field_9b590a6\" class=\"elementor-field-label\">\n\t\t\t\t\t\t\t\tDomaine d'expertise\t\t\t\t\t\t\t<\/label>\n\t\t\t\t\t\t\t\t\t\t\t\t\t\t<input size=\"1\" type=\"text\" name=\"form_fields[field_9b590a6]\" id=\"form-field-field_9b590a6\" class=\"elementor-field elementor-size-sm  elementor-field-textual\" placeholder=\"Domaine d&#039;expertise\">\n\t\t\t\t\t\t\t\t\t\t\t<\/div>\n\t\t\t\t\t\t\t\t<div class=\"elementor-field-type-html elementor-field-group elementor-column elementor-field-group-field_44ba81a elementor-col-100\">\n\t\t\t\t\t<b>Je confirme : <\/b>\n<ul class=\"conditions\">\n<li>\u00eatre \u00e2g\u00e9-e de 18 ans ou plus<\/li>\n<li>\u00eatre en accord avec la mission et les objectifs poursuivis par EPPNE (eppne.ca)<\/li>\n<li>ne pas avoir des ant\u00e9c\u00e9dents judiciaires ou criminels<\/li>\n<ul\/>\n\n<b>Je m\u2019engage \u00e0 :<\/b>\n<ul>\n<li>ne pas critiquer l\u2019organisme de fa\u00e7on intempestive et r\u00e9p\u00e9t\u00e9e<\/li>\n<li>ne pas porter des accusations fausses et mensong\u00e8res \u00e0 l\u2019endroit de l\u2019organisme<\/li>\n<li>ne pas utiliser l\u2019organisme \u00e0 des fins personnelles, religieuses ou partisanes<\/li>\n<ul\/>\n\n\t\t\t\t<\/div>\n\t\t\t\t\t\t\t\t<div class=\"elementor-field-type-acceptance elementor-field-group elementor-column elementor-field-group-field_d2b1469 elementor-col-100 elementor-field-required elementor-mark-required\">\n\t\t\t\t\t\t\t\t\t\t\t\t<label for=\"form-field-field_d2b1469\" class=\"elementor-field-label\">\n\t\t\t\t\t\t\t\tJ\u2019ai lu et j\u2019approuve \t\t\t\t\t\t\t<\/label>\n\t\t\t\t\t\t\t\t<div class=\"elementor-field-subgroup\">\n\t\t\t<span class=\"elementor-field-option\">\n\t\t\t\t<input type=\"checkbox\" name=\"form_fields[field_d2b1469]\" id=\"form-field-field_d2b1469\" class=\"elementor-field elementor-size-sm  elementor-acceptance-field\" required=\"required\">\n\t\t\t\t<label for=\"form-field-field_d2b1469\"><b>je souhaite devenir membre<\/b><\/label>\t\t\t<\/span>\n\t\t<\/div>\n\t\t\t\t\t\t<\/div>\n\t\t\t\t\t\t\t\t<div class=\"elementor-field-type-html elementor-field-group elementor-column elementor-field-group-field_0b792ad elementor-col-100\">\n\t\t\t\t\t<span style=\"color:orange;\">COTISATION : La cotisation des membres est de 30 $ par an payable au moment de l\u2019adh\u00e9sion et renouvelable chaque ann\u00e9e<\/span>\t\t\t\t<\/div>\n\t\t\t\t\t\t\t\t<div class=\"elementor-field-type-recaptcha_v3 elementor-field-group elementor-column elementor-field-group-field_75e4c5b elementor-col-100 recaptcha_v3-bottomright\">\n\t\t\t\t\t<div class=\"elementor-field\" id=\"form-field-field_75e4c5b\"><div class=\"elementor-g-recaptcha\" data-sitekey=\"6Lf3PZ8pAAAAAKmj64l_ulufzTiQEetR_k9Ez0ZP\" data-type=\"v3\" data-action=\"Form\" data-badge=\"bottomright\" data-size=\"invisible\"><\/div><\/div>\t\t\t\t<\/div>\n\t\t\t\t\t\t\t\t<div class=\"elementor-field-group elementor-column elementor-field-type-submit elementor-col-100 e-form__buttons\">\n\t\t\t\t\t<button class=\"elementor-button elementor-size-sm\" type=\"submit\">\n\t\t\t\t\t\t<span class=\"elementor-button-content-wrapper\">\n\t\t\t\t\t\t\t\t\t\t\t\t\t\t\t\t\t\t\t\t\t\t<span class=\"elementor-button-text\">DEMANDE D'ADH\u00c9SION<\/span>\n\t\t\t\t\t\t\t\t\t\t\t\t\t<\/span>\n\t\t\t\t\t<\/button>\n\t\t\t\t<\/div>\n\t\t\t<\/div>\n\t\t<\/form>\n\t\t\t\t\t\t<\/div>\n\t\t\t\t<\/div>\n\t\t\t\t\t<\/div>\n\t\t\t\t<\/div>\n\t\t\t\t<\/div>\n\t\t","protected":false},"excerpt":{"rendered":"<p>Formulaire d&#8217;adh\u00e9sion Peut \u00eatre membre toute personne physique int\u00e9ress\u00e9e par les buts et activit\u00e9s de l\u2019organisme et qui r\u00e9pond aux crit\u00e8res suivants\u00a0: \u00eatre \u00e2g\u00e9e de18 ans ou plus \u00eatre pr\u00e9f\u00e9rablement [&hellip;]<\/p>\n","protected":false},"author":1,"featured_media":0,"parent":0,"menu_order":0,"comment_status":"closed","ping_status":"closed","template":"elementor_theme","meta":{"_coblocks_attr":"","_coblocks_dimensions":"","_coblocks_responsive_height":"","_coblocks_accordion_ie_support":"","footnotes":""},"class_list":["post-1724","page","type-page","status-publish","hentry"],"yoast_head":"<!-- This site is optimized with the Yoast SEO plugin v27.4 - https:\/\/yoast.com\/product\/yoast-seo-wordpress\/ -->\n<title>Formulaire d&#039;adh\u00e9sion - EPPNE<\/title>\n<meta name=\"robots\" content=\"index, follow, max-snippet:-1, max-image-preview:large, max-video-preview:-1\" \/>\n<link rel=\"canonical\" href=\"https:\/\/eppne.ca\/en\/formulaire-dadhesion\/\" \/>\n<meta property=\"og:locale\" content=\"en_US\" \/>\n<meta property=\"og:type\" content=\"article\" \/>\n<meta property=\"og:title\" content=\"Formulaire d&#039;adh\u00e9sion - EPPNE\" \/>\n<meta property=\"og:description\" content=\"Formulaire d&#8217;adh\u00e9sion Peut \u00eatre membre toute personne physique int\u00e9ress\u00e9e par les buts et activit\u00e9s de l\u2019organisme et qui r\u00e9pond aux crit\u00e8res suivants\u00a0: \u00eatre \u00e2g\u00e9e de18 ans ou plus \u00eatre pr\u00e9f\u00e9rablement [&hellip;]\" \/>\n<meta property=\"og:url\" content=\"https:\/\/eppne.ca\/en\/formulaire-dadhesion\/\" \/>\n<meta property=\"og:site_name\" content=\"EPPNE\" \/>\n<meta property=\"article:modified_time\" content=\"2025-12-20T15:34:58+00:00\" \/>\n<meta name=\"twitter:card\" content=\"summary_large_image\" \/>\n<meta name=\"twitter:label1\" content=\"Est. reading time\" \/>\n\t<meta name=\"twitter:data1\" content=\"1 minute\" \/>\n<script type=\"application\/ld+json\" class=\"yoast-schema-graph\">{\"@context\":\"https:\\\/\\\/schema.org\",\"@graph\":[{\"@type\":\"WebPage\",\"@id\":\"https:\\\/\\\/eppne.ca\\\/formulaire-dadhesion\\\/\",\"url\":\"https:\\\/\\\/eppne.ca\\\/formulaire-dadhesion\\\/\",\"name\":\"Formulaire d'adh\u00e9sion - EPPNE\",\"isPartOf\":{\"@id\":\"https:\\\/\\\/eppne.ca\\\/#website\"},\"datePublished\":\"2024-03-21T12:28:45+00:00\",\"dateModified\":\"2025-12-20T15:34:58+00:00\",\"breadcrumb\":{\"@id\":\"https:\\\/\\\/eppne.ca\\\/formulaire-dadhesion\\\/#breadcrumb\"},\"inLanguage\":\"en-CA\",\"potentialAction\":[{\"@type\":\"ReadAction\",\"target\":[\"https:\\\/\\\/eppne.ca\\\/formulaire-dadhesion\\\/\"]}]},{\"@type\":\"BreadcrumbList\",\"@id\":\"https:\\\/\\\/eppne.ca\\\/formulaire-dadhesion\\\/#breadcrumb\",\"itemListElement\":[{\"@type\":\"ListItem\",\"position\":1,\"name\":\"Home\",\"item\":\"https:\\\/\\\/eppne.ca\\\/\"},{\"@type\":\"ListItem\",\"position\":2,\"name\":\"Formulaire d&#8217;adh\u00e9sion\"}]},{\"@type\":\"WebSite\",\"@id\":\"https:\\\/\\\/eppne.ca\\\/#website\",\"url\":\"https:\\\/\\\/eppne.ca\\\/\",\"name\":\"EPPNE\",\"description\":\"Ensemble pour prot\u00e9ger nos enfants\",\"publisher\":{\"@id\":\"https:\\\/\\\/eppne.ca\\\/#organization\"},\"potentialAction\":[{\"@type\":\"SearchAction\",\"target\":{\"@type\":\"EntryPoint\",\"urlTemplate\":\"https:\\\/\\\/eppne.ca\\\/?s={search_term_string}\"},\"query-input\":{\"@type\":\"PropertyValueSpecification\",\"valueRequired\":true,\"valueName\":\"search_term_string\"}}],\"inLanguage\":\"en-CA\"},{\"@type\":\"Organization\",\"@id\":\"https:\\\/\\\/eppne.ca\\\/#organization\",\"name\":\"EPPNE\",\"url\":\"https:\\\/\\\/eppne.ca\\\/\",\"logo\":{\"@type\":\"ImageObject\",\"inLanguage\":\"en-CA\",\"@id\":\"https:\\\/\\\/eppne.ca\\\/#\\\/schema\\\/logo\\\/image\\\/\",\"url\":\"https:\\\/\\\/eppne.ca\\\/wp-content\\\/uploads\\\/2024\\\/02\\\/cropped-Enssemble-pour-proteger-nos-enfants-Logo.png\",\"contentUrl\":\"https:\\\/\\\/eppne.ca\\\/wp-content\\\/uploads\\\/2024\\\/02\\\/cropped-Enssemble-pour-proteger-nos-enfants-Logo.png\",\"width\":500,\"height\":250,\"caption\":\"EPPNE\"},\"image\":{\"@id\":\"https:\\\/\\\/eppne.ca\\\/#\\\/schema\\\/logo\\\/image\\\/\"}}]}<\/script>\n<!-- \/ Yoast SEO plugin. -->","yoast_head_json":{"title":"Formulaire d'adh\u00e9sion - EPPNE","robots":{"index":"index","follow":"follow","max-snippet":"max-snippet:-1","max-image-preview":"max-image-preview:large","max-video-preview":"max-video-preview:-1"},"canonical":"https:\/\/eppne.ca\/en\/formulaire-dadhesion\/","og_locale":"en_US","og_type":"article","og_title":"Formulaire d'adh\u00e9sion - EPPNE","og_description":"Formulaire d&#8217;adh\u00e9sion Peut \u00eatre membre toute personne physique int\u00e9ress\u00e9e par les buts et activit\u00e9s de l\u2019organisme et qui r\u00e9pond aux crit\u00e8res suivants\u00a0: \u00eatre \u00e2g\u00e9e de18 ans ou plus \u00eatre pr\u00e9f\u00e9rablement [&hellip;]","og_url":"https:\/\/eppne.ca\/en\/formulaire-dadhesion\/","og_site_name":"EPPNE","article_modified_time":"2025-12-20T15:34:58+00:00","twitter_card":"summary_large_image","twitter_misc":{"Est. reading time":"1 minute"},"schema":{"@context":"https:\/\/schema.org","@graph":[{"@type":"WebPage","@id":"https:\/\/eppne.ca\/formulaire-dadhesion\/","url":"https:\/\/eppne.ca\/formulaire-dadhesion\/","name":"Formulaire d'adh\u00e9sion - EPPNE","isPartOf":{"@id":"https:\/\/eppne.ca\/#website"},"datePublished":"2024-03-21T12:28:45+00:00","dateModified":"2025-12-20T15:34:58+00:00","breadcrumb":{"@id":"https:\/\/eppne.ca\/formulaire-dadhesion\/#breadcrumb"},"inLanguage":"en-CA","potentialAction":[{"@type":"ReadAction","target":["https:\/\/eppne.ca\/formulaire-dadhesion\/"]}]},{"@type":"BreadcrumbList","@id":"https:\/\/eppne.ca\/formulaire-dadhesion\/#breadcrumb","itemListElement":[{"@type":"ListItem","position":1,"name":"Home","item":"https:\/\/eppne.ca\/"},{"@type":"ListItem","position":2,"name":"Formulaire d&#8217;adh\u00e9sion"}]},{"@type":"WebSite","@id":"https:\/\/eppne.ca\/#website","url":"https:\/\/eppne.ca\/","name":"EPPNE","description":"Ensemble pour prot\u00e9ger nos enfants","publisher":{"@id":"https:\/\/eppne.ca\/#organization"},"potentialAction":[{"@type":"SearchAction","target":{"@type":"EntryPoint","urlTemplate":"https:\/\/eppne.ca\/?s={search_term_string}"},"query-input":{"@type":"PropertyValueSpecification","valueRequired":true,"valueName":"search_term_string"}}],"inLanguage":"en-CA"},{"@type":"Organization","@id":"https:\/\/eppne.ca\/#organization","name":"EPPNE","url":"https:\/\/eppne.ca\/","logo":{"@type":"ImageObject","inLanguage":"en-CA","@id":"https:\/\/eppne.ca\/#\/schema\/logo\/image\/","url":"https:\/\/eppne.ca\/wp-content\/uploads\/2024\/02\/cropped-Enssemble-pour-proteger-nos-enfants-Logo.png","contentUrl":"https:\/\/eppne.ca\/wp-content\/uploads\/2024\/02\/cropped-Enssemble-pour-proteger-nos-enfants-Logo.png","width":500,"height":250,"caption":"EPPNE"},"image":{"@id":"https:\/\/eppne.ca\/#\/schema\/logo\/image\/"}}]}},"_links":{"self":[{"href":"https:\/\/eppne.ca\/en\/wp-json\/wp\/v2\/pages\/1724","targetHints":{"allow":["GET"]}}],"collection":[{"href":"https:\/\/eppne.ca\/en\/wp-json\/wp\/v2\/pages"}],"about":[{"href":"https:\/\/eppne.ca\/en\/wp-json\/wp\/v2\/types\/page"}],"author":[{"embeddable":true,"href":"https:\/\/eppne.ca\/en\/wp-json\/wp\/v2\/users\/1"}],"replies":[{"embeddable":true,"href":"https:\/\/eppne.ca\/en\/wp-json\/wp\/v2\/comments?post=1724"}],"version-history":[{"count":61,"href":"https:\/\/eppne.ca\/en\/wp-json\/wp\/v2\/pages\/1724\/revisions"}],"predecessor-version":[{"id":3073,"href":"https:\/\/eppne.ca\/en\/wp-json\/wp\/v2\/pages\/1724\/revisions\/3073"}],"wp:attachment":[{"href":"https:\/\/eppne.ca\/en\/wp-json\/wp\/v2\/media?parent=1724"}],"curies":[{"name":"wp","href":"https:\/\/api.w.org\/{rel}","templated":true}]}}