{"id":1617,"date":"2024-03-20T13:14:04","date_gmt":"2024-03-20T13:14:04","guid":{"rendered":"https:\/\/eppne.radca.ca\/?page_id=1617"},"modified":"2025-12-20T15:33:41","modified_gmt":"2025-12-20T15:33:41","slug":"petition","status":"publish","type":"page","link":"https:\/\/eppne.ca\/en\/petition\/","title":{"rendered":"Petition"},"content":{"rendered":"\t\t<div data-elementor-type=\"wp-page\" data-elementor-id=\"1617\" class=\"elementor elementor-1617\" data-elementor-post-type=\"page\">\n\t\t\t\t<div class=\"elementor-element elementor-element-37dabab e-flex e-con-boxed e-con e-parent\" data-id=\"37dabab\" data-element_type=\"container\" data-e-type=\"container\">\n\t\t\t\t\t<div class=\"e-con-inner\">\n\t\t\t\t<div class=\"elementor-element elementor-element-d20df00 elementor-widget elementor-widget-heading\" data-id=\"d20df00\" data-element_type=\"widget\" data-e-type=\"widget\" data-widget_type=\"heading.default\">\n\t\t\t\t<div class=\"elementor-widget-container\">\n\t\t\t\t\t<h2 class=\"elementor-heading-title elementor-size-default\">P\u00e9tition<\/h2>\t\t\t\t<\/div>\n\t\t\t\t<\/div>\n\t\t\t\t<div class=\"elementor-element elementor-element-26c83c7 elementor-widget elementor-widget-text-editor\" data-id=\"26c83c7\" data-element_type=\"widget\" data-e-type=\"widget\" data-widget_type=\"text-editor.default\">\n\t\t\t\t<div class=\"elementor-widget-container\">\n\t\t\t\t\t\t\t\t\t<p>Nous, parents des \u00e9l\u00e8ves qui fr\u00e9quentent les \u00e9coles du Qu\u00e9bec et nous tous, citoyens concern\u00e9s par l\u2019avenir de la soci\u00e9t\u00e9 qu\u00e9b\u00e9coise, sommes en accord avec les six points mentionn\u00e9s par l\u2019association Ensemble Pour Prot\u00e9ger Nos Enfants en rapport avec le programme d\u2019\u00e9ducation \u00e0 la sexualit\u00e9 dans les \u00e9coles.<\/p>\t\t\t\t\t\t\t\t<\/div>\n\t\t\t\t<\/div>\n\t\t\t\t<div class=\"elementor-element elementor-element-b6be410 elementor-align-center elementor-widget elementor-widget-button\" data-id=\"b6be410\" data-element_type=\"widget\" data-e-type=\"widget\" data-widget_type=\"button.default\">\n\t\t\t\t<div class=\"elementor-widget-container\">\n\t\t\t\t\t\t\t\t\t<div class=\"elementor-button-wrapper\">\n\t\t\t\t\t<a class=\"elementor-button elementor-button-link elementor-size-sm\" href=\"#elementor-action%3Aaction%3Dpopup%3Aopen%26settings%3DeyJpZCI6IjE5MjUiLCJ0b2dnbGUiOmZhbHNlfQ%3D%3D\">\n\t\t\t\t\t\t<span class=\"elementor-button-content-wrapper\">\n\t\t\t\t\t\t\t\t\t<span class=\"elementor-button-text\">Lire les six points mentionn\u00e9s par EPPNE<\/span>\n\t\t\t\t\t<\/span>\n\t\t\t\t\t<\/a>\n\t\t\t\t<\/div>\n\t\t\t\t\t\t\t\t<\/div>\n\t\t\t\t<\/div>\n\t\t\t\t\t<\/div>\n\t\t\t\t<\/div>\n\t\t<div class=\"elementor-element elementor-element-4d84718 e-flex e-con-boxed e-con e-parent\" data-id=\"4d84718\" data-element_type=\"container\" data-e-type=\"container\" data-settings=\"{&quot;background_background&quot;:&quot;classic&quot;}\">\n\t\t\t\t\t<div class=\"e-con-inner\">\n\t\t\t\t<div class=\"elementor-element elementor-element-31da2f9 elementor-button-align-stretch elementor-widget elementor-widget-form\" data-id=\"31da2f9\" data-element_type=\"widget\" data-e-type=\"widget\" data-settings=\"{&quot;step_next_label&quot;:&quot;Next&quot;,&quot;step_previous_label&quot;:&quot;Previous&quot;,&quot;button_width&quot;:&quot;100&quot;,&quot;step_type&quot;:&quot;number_text&quot;,&quot;step_icon_shape&quot;:&quot;circle&quot;}\" data-widget_type=\"form.default\">\n\t\t\t\t<div class=\"elementor-widget-container\">\n\t\t\t\t\t\t\t<form class=\"elementor-form\" method=\"post\" id=\"50\" name=\"Petition\" aria-label=\"Petition\">\n\t\t\t<input type=\"hidden\" name=\"post_id\" value=\"1617\"\/>\n\t\t\t<input type=\"hidden\" name=\"form_id\" value=\"31da2f9\"\/>\n\t\t\t<input type=\"hidden\" name=\"referer_title\" value=\"P\u00e9tition - EPPNE\" \/>\n\n\t\t\t\t\t\t\t<input type=\"hidden\" name=\"queried_id\" value=\"1617\"\/>\n\t\t\t\n\t\t\t<div class=\"elementor-form-fields-wrapper elementor-labels-above\">\n\t\t\t\t\t\t\t\t<div class=\"elementor-field-type-text elementor-field-group elementor-column elementor-field-group-nom elementor-col-100 elementor-field-required\">\n\t\t\t\t\t\t\t\t\t\t\t\t<label for=\"form-field-nom\" class=\"elementor-field-label\">\n\t\t\t\t\t\t\t\tNom\t\t\t\t\t\t\t<\/label>\n\t\t\t\t\t\t\t\t\t\t\t\t\t\t<input size=\"1\" type=\"text\" name=\"form_fields[nom]\" id=\"form-field-nom\" class=\"elementor-field elementor-size-sm  elementor-field-textual\" placeholder=\"Nom\" required=\"required\">\n\t\t\t\t\t\t\t\t\t\t\t<\/div>\n\t\t\t\t\t\t\t\t<div class=\"elementor-field-type-text elementor-field-group elementor-column elementor-field-group-prenom elementor-col-100 elementor-field-required\">\n\t\t\t\t\t\t\t\t\t\t\t\t<label for=\"form-field-prenom\" class=\"elementor-field-label\">\n\t\t\t\t\t\t\t\tPr\u00e9nom\t\t\t\t\t\t\t<\/label>\n\t\t\t\t\t\t\t\t\t\t\t\t\t\t<input size=\"1\" type=\"text\" name=\"form_fields[prenom]\" id=\"form-field-prenom\" class=\"elementor-field elementor-size-sm  elementor-field-textual\" placeholder=\"Pr\u00e9nom\" required=\"required\">\n\t\t\t\t\t\t\t\t\t\t\t<\/div>\n\t\t\t\t\t\t\t\t<div class=\"elementor-field-type-text elementor-field-group elementor-column elementor-field-group-phone elementor-col-100\">\n\t\t\t\t\t\t\t\t\t\t\t\t<label for=\"form-field-phone\" class=\"elementor-field-label\">\n\t\t\t\t\t\t\t\tT\u00e9l\u00e9phone\t\t\t\t\t\t\t<\/label>\n\t\t\t\t\t\t\t\t\t\t\t\t\t\t<input size=\"1\" type=\"text\" name=\"form_fields[phone]\" id=\"form-field-phone\" class=\"elementor-field elementor-size-sm  elementor-field-textual\" placeholder=\"T\u00e9l\u00e9phone\">\n\t\t\t\t\t\t\t\t\t\t\t<\/div>\n\t\t\t\t\t\t\t\t<div class=\"elementor-field-type-email elementor-field-group elementor-column elementor-field-group-email elementor-col-100 elementor-field-required\">\n\t\t\t\t\t\t\t\t\t\t\t\t<label for=\"form-field-email\" class=\"elementor-field-label\">\n\t\t\t\t\t\t\t\tEmail\t\t\t\t\t\t\t<\/label>\n\t\t\t\t\t\t\t\t\t\t\t\t\t\t<input size=\"1\" type=\"email\" name=\"form_fields[email]\" id=\"form-field-email\" class=\"elementor-field elementor-size-sm  elementor-field-textual\" placeholder=\"Email\" required=\"required\">\n\t\t\t\t\t\t\t\t\t\t\t<\/div>\n\t\t\t\t\t\t\t\t<div class=\"elementor-field-type-text elementor-field-group elementor-column elementor-field-group-postalCode elementor-col-100\">\n\t\t\t\t\t\t\t\t\t\t\t\t<label for=\"form-field-postalCode\" class=\"elementor-field-label\">\n\t\t\t\t\t\t\t\tCode postal\t\t\t\t\t\t\t<\/label>\n\t\t\t\t\t\t\t\t\t\t\t\t\t\t<input size=\"1\" type=\"text\" name=\"form_fields[postalCode]\" id=\"form-field-postalCode\" class=\"elementor-field elementor-size-sm  elementor-field-textual\" placeholder=\"Code postal\">\n\t\t\t\t\t\t\t\t\t\t\t<\/div>\n\t\t\t\t\t\t\t\t<div class=\"elementor-field-type-recaptcha_v3 elementor-field-group elementor-column elementor-field-group-field_5c27fb4 elementor-col-100 recaptcha_v3-bottomright\">\n\t\t\t\t\t<div class=\"elementor-field\" id=\"form-field-field_5c27fb4\"><div class=\"elementor-g-recaptcha\" data-sitekey=\"6Lf3PZ8pAAAAAKmj64l_ulufzTiQEetR_k9Ez0ZP\" data-type=\"v3\" data-action=\"Form\" data-badge=\"bottomright\" data-size=\"invisible\"><\/div><\/div>\t\t\t\t<\/div>\n\t\t\t\t\t\t\t\t<div class=\"elementor-field-type-hidden elementor-field-group elementor-column elementor-field-group-e_gs_SheetName elementor-col-100\">\n\t\t\t\t\t\t\t\t\t\t\t\t\t<input size=\"1\" type=\"hidden\" name=\"form_fields[e_gs_SheetName]\" id=\"form-field-e_gs_SheetName\" class=\"elementor-field elementor-size-sm  elementor-field-textual\" value=\"Petition\">\n\t\t\t\t\t\t\t\t\t\t\t<\/div>\n\t\t\t\t\t\t\t\t<div class=\"elementor-field-type-hidden elementor-field-group elementor-column elementor-field-group-e_gs_exclude elementor-col-100\">\n\t\t\t\t\t\t\t\t\t\t\t\t\t<input size=\"1\" type=\"hidden\" name=\"form_fields[e_gs_exclude]\" id=\"form-field-e_gs_exclude\" class=\"elementor-field elementor-size-sm  elementor-field-textual\" value=\"form_id,URL de la page,form_name,Propuls\u00e9 par\">\n\t\t\t\t\t\t\t\t\t\t\t<\/div>\n\t\t\t\t\t\t\t\t<div class=\"elementor-field-type-recaptcha_v3 elementor-field-group elementor-column elementor-field-group-field_2f7f98d elementor-col-100 recaptcha_v3-bottomright\">\n\t\t\t\t\t<div class=\"elementor-field\" id=\"form-field-field_2f7f98d\"><div class=\"elementor-g-recaptcha\" data-sitekey=\"6Lf3PZ8pAAAAAKmj64l_ulufzTiQEetR_k9Ez0ZP\" data-type=\"v3\" data-action=\"Form\" data-badge=\"bottomright\" data-size=\"invisible\"><\/div><\/div>\t\t\t\t<\/div>\n\t\t\t\t\t\t\t\t<div class=\"elementor-field-group elementor-column elementor-field-type-submit elementor-col-100 e-form__buttons\">\n\t\t\t\t\t<button class=\"elementor-button elementor-size-sm\" type=\"submit\">\n\t\t\t\t\t\t<span class=\"elementor-button-content-wrapper\">\n\t\t\t\t\t\t\t\t\t\t\t\t\t\t\t\t\t\t\t\t\t\t<span class=\"elementor-button-text\">Signer<\/span>\n\t\t\t\t\t\t\t\t\t\t\t\t\t<\/span>\n\t\t\t\t\t<\/button>\n\t\t\t\t<\/div>\n\t\t\t<\/div>\n\t\t<\/form>\n\t\t\t\t\t\t<\/div>\n\t\t\t\t<\/div>\n\t\t\t\t\t<\/div>\n\t\t\t\t<\/div>\n\t\t\t\t<\/div>\n\t\t","protected":false},"excerpt":{"rendered":"<p>P\u00e9tition Nous, parents des \u00e9l\u00e8ves qui fr\u00e9quentent les \u00e9coles du Qu\u00e9bec et nous tous, citoyens concern\u00e9s par l\u2019avenir de la soci\u00e9t\u00e9 qu\u00e9b\u00e9coise, sommes en accord avec les six points mentionn\u00e9s [&hellip;]<\/p>\n","protected":false},"author":1,"featured_media":0,"parent":0,"menu_order":0,"comment_status":"closed","ping_status":"closed","template":"elementor_theme","meta":{"_coblocks_attr":"","_coblocks_dimensions":"","_coblocks_responsive_height":"","_coblocks_accordion_ie_support":"","footnotes":""},"class_list":["post-1617","page","type-page","status-publish","hentry"],"yoast_head":"<!-- This site is optimized with the Yoast SEO plugin v27.4 - https:\/\/yoast.com\/product\/yoast-seo-wordpress\/ -->\n<title>P\u00e9tition - EPPNE<\/title>\n<meta name=\"robots\" content=\"index, follow, max-snippet:-1, max-image-preview:large, max-video-preview:-1\" \/>\n<link rel=\"canonical\" href=\"https:\/\/eppne.ca\/en\/petition\/\" \/>\n<meta property=\"og:locale\" content=\"en_US\" \/>\n<meta property=\"og:type\" content=\"article\" \/>\n<meta property=\"og:title\" content=\"P\u00e9tition - EPPNE\" \/>\n<meta property=\"og:description\" content=\"P\u00e9tition Nous, parents des \u00e9l\u00e8ves qui fr\u00e9quentent les \u00e9coles du Qu\u00e9bec et nous tous, citoyens concern\u00e9s par l\u2019avenir de la soci\u00e9t\u00e9 qu\u00e9b\u00e9coise, sommes en accord avec les six points mentionn\u00e9s [&hellip;]\" \/>\n<meta property=\"og:url\" content=\"https:\/\/eppne.ca\/en\/petition\/\" \/>\n<meta property=\"og:site_name\" content=\"EPPNE\" \/>\n<meta property=\"article:modified_time\" content=\"2025-12-20T15:33:41+00:00\" \/>\n<meta name=\"twitter:card\" content=\"summary_large_image\" \/>\n<meta name=\"twitter:label1\" content=\"Est. reading time\" \/>\n\t<meta name=\"twitter:data1\" content=\"1 minute\" \/>\n<script type=\"application\/ld+json\" class=\"yoast-schema-graph\">{\"@context\":\"https:\\\/\\\/schema.org\",\"@graph\":[{\"@type\":\"WebPage\",\"@id\":\"https:\\\/\\\/eppne.ca\\\/petition\\\/\",\"url\":\"https:\\\/\\\/eppne.ca\\\/petition\\\/\",\"name\":\"P\u00e9tition - EPPNE\",\"isPartOf\":{\"@id\":\"https:\\\/\\\/eppne.ca\\\/#website\"},\"datePublished\":\"2024-03-20T13:14:04+00:00\",\"dateModified\":\"2025-12-20T15:33:41+00:00\",\"breadcrumb\":{\"@id\":\"https:\\\/\\\/eppne.ca\\\/petition\\\/#breadcrumb\"},\"inLanguage\":\"en-CA\",\"potentialAction\":[{\"@type\":\"ReadAction\",\"target\":[\"https:\\\/\\\/eppne.ca\\\/petition\\\/\"]}]},{\"@type\":\"BreadcrumbList\",\"@id\":\"https:\\\/\\\/eppne.ca\\\/petition\\\/#breadcrumb\",\"itemListElement\":[{\"@type\":\"ListItem\",\"position\":1,\"name\":\"Home\",\"item\":\"https:\\\/\\\/eppne.ca\\\/\"},{\"@type\":\"ListItem\",\"position\":2,\"name\":\"P\u00e9tition\"}]},{\"@type\":\"WebSite\",\"@id\":\"https:\\\/\\\/eppne.ca\\\/#website\",\"url\":\"https:\\\/\\\/eppne.ca\\\/\",\"name\":\"EPPNE\",\"description\":\"Ensemble pour prot\u00e9ger nos enfants\",\"publisher\":{\"@id\":\"https:\\\/\\\/eppne.ca\\\/#organization\"},\"potentialAction\":[{\"@type\":\"SearchAction\",\"target\":{\"@type\":\"EntryPoint\",\"urlTemplate\":\"https:\\\/\\\/eppne.ca\\\/?s={search_term_string}\"},\"query-input\":{\"@type\":\"PropertyValueSpecification\",\"valueRequired\":true,\"valueName\":\"search_term_string\"}}],\"inLanguage\":\"en-CA\"},{\"@type\":\"Organization\",\"@id\":\"https:\\\/\\\/eppne.ca\\\/#organization\",\"name\":\"EPPNE\",\"url\":\"https:\\\/\\\/eppne.ca\\\/\",\"logo\":{\"@type\":\"ImageObject\",\"inLanguage\":\"en-CA\",\"@id\":\"https:\\\/\\\/eppne.ca\\\/#\\\/schema\\\/logo\\\/image\\\/\",\"url\":\"https:\\\/\\\/eppne.ca\\\/wp-content\\\/uploads\\\/2024\\\/02\\\/cropped-Enssemble-pour-proteger-nos-enfants-Logo.png\",\"contentUrl\":\"https:\\\/\\\/eppne.ca\\\/wp-content\\\/uploads\\\/2024\\\/02\\\/cropped-Enssemble-pour-proteger-nos-enfants-Logo.png\",\"width\":500,\"height\":250,\"caption\":\"EPPNE\"},\"image\":{\"@id\":\"https:\\\/\\\/eppne.ca\\\/#\\\/schema\\\/logo\\\/image\\\/\"}}]}<\/script>\n<!-- \/ Yoast SEO plugin. -->","yoast_head_json":{"title":"P\u00e9tition - EPPNE","robots":{"index":"index","follow":"follow","max-snippet":"max-snippet:-1","max-image-preview":"max-image-preview:large","max-video-preview":"max-video-preview:-1"},"canonical":"https:\/\/eppne.ca\/en\/petition\/","og_locale":"en_US","og_type":"article","og_title":"P\u00e9tition - EPPNE","og_description":"P\u00e9tition Nous, parents des \u00e9l\u00e8ves qui fr\u00e9quentent les \u00e9coles du Qu\u00e9bec et nous tous, citoyens concern\u00e9s par l\u2019avenir de la soci\u00e9t\u00e9 qu\u00e9b\u00e9coise, sommes en accord avec les six points mentionn\u00e9s [&hellip;]","og_url":"https:\/\/eppne.ca\/en\/petition\/","og_site_name":"EPPNE","article_modified_time":"2025-12-20T15:33:41+00:00","twitter_card":"summary_large_image","twitter_misc":{"Est. reading time":"1 minute"},"schema":{"@context":"https:\/\/schema.org","@graph":[{"@type":"WebPage","@id":"https:\/\/eppne.ca\/petition\/","url":"https:\/\/eppne.ca\/petition\/","name":"P\u00e9tition - EPPNE","isPartOf":{"@id":"https:\/\/eppne.ca\/#website"},"datePublished":"2024-03-20T13:14:04+00:00","dateModified":"2025-12-20T15:33:41+00:00","breadcrumb":{"@id":"https:\/\/eppne.ca\/petition\/#breadcrumb"},"inLanguage":"en-CA","potentialAction":[{"@type":"ReadAction","target":["https:\/\/eppne.ca\/petition\/"]}]},{"@type":"BreadcrumbList","@id":"https:\/\/eppne.ca\/petition\/#breadcrumb","itemListElement":[{"@type":"ListItem","position":1,"name":"Home","item":"https:\/\/eppne.ca\/"},{"@type":"ListItem","position":2,"name":"P\u00e9tition"}]},{"@type":"WebSite","@id":"https:\/\/eppne.ca\/#website","url":"https:\/\/eppne.ca\/","name":"EPPNE","description":"Ensemble pour prot\u00e9ger nos enfants","publisher":{"@id":"https:\/\/eppne.ca\/#organization"},"potentialAction":[{"@type":"SearchAction","target":{"@type":"EntryPoint","urlTemplate":"https:\/\/eppne.ca\/?s={search_term_string}"},"query-input":{"@type":"PropertyValueSpecification","valueRequired":true,"valueName":"search_term_string"}}],"inLanguage":"en-CA"},{"@type":"Organization","@id":"https:\/\/eppne.ca\/#organization","name":"EPPNE","url":"https:\/\/eppne.ca\/","logo":{"@type":"ImageObject","inLanguage":"en-CA","@id":"https:\/\/eppne.ca\/#\/schema\/logo\/image\/","url":"https:\/\/eppne.ca\/wp-content\/uploads\/2024\/02\/cropped-Enssemble-pour-proteger-nos-enfants-Logo.png","contentUrl":"https:\/\/eppne.ca\/wp-content\/uploads\/2024\/02\/cropped-Enssemble-pour-proteger-nos-enfants-Logo.png","width":500,"height":250,"caption":"EPPNE"},"image":{"@id":"https:\/\/eppne.ca\/#\/schema\/logo\/image\/"}}]}},"_links":{"self":[{"href":"https:\/\/eppne.ca\/en\/wp-json\/wp\/v2\/pages\/1617","targetHints":{"allow":["GET"]}}],"collection":[{"href":"https:\/\/eppne.ca\/en\/wp-json\/wp\/v2\/pages"}],"about":[{"href":"https:\/\/eppne.ca\/en\/wp-json\/wp\/v2\/types\/page"}],"author":[{"embeddable":true,"href":"https:\/\/eppne.ca\/en\/wp-json\/wp\/v2\/users\/1"}],"replies":[{"embeddable":true,"href":"https:\/\/eppne.ca\/en\/wp-json\/wp\/v2\/comments?post=1617"}],"version-history":[{"count":110,"href":"https:\/\/eppne.ca\/en\/wp-json\/wp\/v2\/pages\/1617\/revisions"}],"predecessor-version":[{"id":3070,"href":"https:\/\/eppne.ca\/en\/wp-json\/wp\/v2\/pages\/1617\/revisions\/3070"}],"wp:attachment":[{"href":"https:\/\/eppne.ca\/en\/wp-json\/wp\/v2\/media?parent=1617"}],"curies":[{"name":"wp","href":"https:\/\/api.w.org\/{rel}","templated":true}]}}